{"id":27,"date":"2011-04-25T21:13:44","date_gmt":"2011-04-25T21:13:44","guid":{"rendered":"http:\/\/piratenpartei-treptow-koepenick.de\/?page_id=27"},"modified":"2016-01-27T11:40:12","modified_gmt":"2016-01-27T09:40:12","slug":"impressum","status":"publish","type":"page","link":"https:\/\/blogs.piratech.de\/treptow-koepenick\/impressum\/","title":{"rendered":"Impressum"},"content":{"rendered":"<p>Die Piraten Berlin sind wie folgt zu erreichen:<\/p>\n<p><strong>Anfragen per E-Mail<\/strong><\/p>\n<p><strong><a href=\"mailto:vorstand@berlin.piratenpartei.de\">vorstand [at] berlin [punkt] piratenpartei [punkt] de<\/a><\/strong><\/p>\n<p><strong>Anfragen und Mitgliedsantr\u00e4ge auf dem Postweg<\/strong><\/p>\n<blockquote>\n<address>Piratenpartei Berlin<br \/>\nPflugstra\u00dfe 9a<br \/>\n10115 Berlin (Mitte)<\/address>\n<address>Telefon 030 60982288-0<\/address>\n<address>Fax 030 60982288-9<\/address>\n<\/blockquote>\n<p><strong>piratenpartei-treptow-koepenick.de &amp; piraten-treptow-koepenick.de wird betrieben von<\/strong><\/p>\n<blockquote>\n<address>Piratenpartei Deutschland (PIRATEN)<br \/>\nLandesverband Berlin<br \/>\nPflugstra\u00dfe 9a<br \/>\n10115 Berlin (Mitte)<\/address>\n<\/blockquote>\n<p>Inhaltlich Verantwortlicher gem\u00e4\u00df \u00a7 55 Abs. 2 RStV: Bruno Kramm (Anschrift wie oben)<\/p>\n<p>Haftungshinweis: Trotz sorgf\u00e4ltiger inhaltlicher Kontrolle \u00fcbernehmen wir keine Haftung f\u00fcr die Inhalte externer Links. F\u00fcr den Inhalt der verlinkten Seiten sind ausschlie\u00dflich deren Betreiber verantwortlich.<\/p>\n","protected":false},"excerpt":{"rendered":"<p>Die Piraten Berlin sind wie folgt zu erreichen:<\/p>\n<p>Anfragen per E-Mail<\/p>\n<p>vorstand [at] berlin [punkt] piratenpartei [punkt] de<\/p>\n<p>Anfragen und Mitgliedsantr\u00e4ge auf dem Postweg<\/p>\n<p> Piratenpartei Berlin<br \/> Pflugstra\u00dfe 9a<br \/> 10115 Berlin (Mitte) Telefon 030 60982288-0 Fax 030 60982288-9 <\/p>\n<p>piratenpartei-treptow-koepenick.de &amp; piraten-treptow-koepenick.de wird betrieben von<\/p>\n<p> Piratenpartei Deutschland (PIRATEN)<br \/> Landesverband Berlin<br \/> Pflugstra\u00dfe 9a<br \/> <a href=\"https:\/\/blogs.piratech.de\/treptow-koepenick\/impressum\/\">[&#8230;]<\/a><\/p>\n","protected":false},"author":2,"featured_media":0,"parent":0,"menu_order":0,"comment_status":"open","ping_status":"open","template":"","meta":{"footnotes":""},"class_list":["post-27","page","type-page","status-publish","hentry"],"_links":{"self":[{"href":"https:\/\/blogs.piratech.de\/treptow-koepenick\/wp-json\/wp\/v2\/pages\/27","targetHints":{"allow":["GET"]}}],"collection":[{"href":"https:\/\/blogs.piratech.de\/treptow-koepenick\/wp-json\/wp\/v2\/pages"}],"about":[{"href":"https:\/\/blogs.piratech.de\/treptow-koepenick\/wp-json\/wp\/v2\/types\/page"}],"author":[{"embeddable":true,"href":"https:\/\/blogs.piratech.de\/treptow-koepenick\/wp-json\/wp\/v2\/users\/2"}],"replies":[{"embeddable":true,"href":"https:\/\/blogs.piratech.de\/treptow-koepenick\/wp-json\/wp\/v2\/comments?post=27"}],"version-history":[{"count":1,"href":"https:\/\/blogs.piratech.de\/treptow-koepenick\/wp-json\/wp\/v2\/pages\/27\/revisions"}],"predecessor-version":[{"id":154920,"href":"https:\/\/blogs.piratech.de\/treptow-koepenick\/wp-json\/wp\/v2\/pages\/27\/revisions\/154920"}],"wp:attachment":[{"href":"https:\/\/blogs.piratech.de\/treptow-koepenick\/wp-json\/wp\/v2\/media?parent=27"}],"curies":[{"name":"wp","href":"https:\/\/api.w.org\/{rel}","templated":true}]}}