{"id":24,"date":"2011-04-25T18:03:48","date_gmt":"2011-04-25T18:03:48","guid":{"rendered":"http:\/\/piratenpartei-treptow-koepenick.de\/?page_id=24"},"modified":"2011-04-25T18:03:48","modified_gmt":"2011-04-25T18:03:48","slug":"datenschutzhinweis","status":"publish","type":"page","link":"https:\/\/blogs.piratech.de\/treptow-koepenick\/datenschutzhinweis\/","title":{"rendered":"Datenschutzhinweis"},"content":{"rendered":"<div>\n<p>Bei der Verarbeitung von personenbezogenen\u00a0Daten (vgl. \u00a7 3 Abs. 1 BDSG)\u00a0in diesem Blog werden selbstverst\u00e4ndlich alle anwendbaren Datenschutzgesetze beachtet. Beim Zugriff auf diese Website werden automatisch solche Daten verarbeitet, die ein Browser an den Server \u00fcbermittelt, auf dem die Inhalte gehostet werden. Das sind:<\/p>\n<p>_ verwendetes Betriebssystem<br \/>\n_ Browsertyp\/ -version<br \/>\n_ Referrer URL<br \/>\n_ Uhrzeit der Serveranfrage.<\/p>\n<p>Diese Daten werden im Normalfall nicht gesichtet oder in irgendeiner Weise verwendet. Sollten diese Daten zum Beispiel im Falle einer St\u00f6rung Verwendung finden, k\u00f6nnen dennoch keine R\u00fcckschl\u00fcsse auf lebende nat\u00fcrliche Personen gezogen werden. Den gespeicherten Daten fehlt der Personenbezug und eine Zusammenf\u00fchrung dieser Daten mit anderen Datenquellen (RIPE-Eintr\u00e4ge o.\u00e4.), die vielleicht einen Personenbezug herstellen w\u00fcrden,\u00a0findet nicht statt.<\/p>\n<p>An manchen Stellen k\u00f6nnen Nutzer in diesem Blog Kommentare ver\u00f6ffentlichen. Die in den Kommentaren enthaltenen Daten und ggf. mit der \u00dcbermittlung des Kommentars zusammenh\u00e4ngende Informationen (Nutzername, Betreff, Zeit des Postings, Profilinformationen, sofern freiwillig hinterlegt o.\u00e4.) werden zum Zwecke der Ver\u00f6ffentlichung des Kommentares gespeichert und ggf. anderen Nutzern unterbreitet. Es werden au\u00dferdem entsprechende Daten gespeichert, wenn Leser oder Nutzer dieses Blogs mit den Betreibern per E-Mail Kontakt aufnehmen.<\/p>\n<p>Auf schriftliche oder in Textform \u00fcbermittelte Anforderung geben wir Ihnen jederzeit dar\u00fcber Auskunft, welche personenbezogenen Daten \u00fcber Sie gespeichert wurden. Eine Verarbeitung und\/oder Speicherung personenbezogener Daten \u00fcber die vorgenannte Datenverarbeitung hinaus findet nicht statt.<\/p>\n<\/div>\n","protected":false},"excerpt":{"rendered":"<p>Bei der Verarbeitung von personenbezogenen\u00a0Daten (vgl. \u00a7 3 Abs. 1 BDSG)\u00a0in diesem Blog werden selbstverst\u00e4ndlich alle anwendbaren Datenschutzgesetze beachtet. Beim Zugriff auf diese Website werden automatisch solche Daten verarbeitet, die ein Browser an den Server \u00fcbermittelt, auf dem die Inhalte gehostet werden. Das sind:<\/p>\n<p>_ verwendetes Betriebssystem<br \/> _ Browsertyp\/ -version<br \/> _ Referrer URL<br <a href=\"https:\/\/blogs.piratech.de\/treptow-koepenick\/datenschutzhinweis\/\">[&#8230;]<\/a><\/p>\n","protected":false},"author":2,"featured_media":0,"parent":0,"menu_order":0,"comment_status":"open","ping_status":"open","template":"","meta":{"footnotes":""},"class_list":["post-24","page","type-page","status-publish","hentry"],"_links":{"self":[{"href":"https:\/\/blogs.piratech.de\/treptow-koepenick\/wp-json\/wp\/v2\/pages\/24","targetHints":{"allow":["GET"]}}],"collection":[{"href":"https:\/\/blogs.piratech.de\/treptow-koepenick\/wp-json\/wp\/v2\/pages"}],"about":[{"href":"https:\/\/blogs.piratech.de\/treptow-koepenick\/wp-json\/wp\/v2\/types\/page"}],"author":[{"embeddable":true,"href":"https:\/\/blogs.piratech.de\/treptow-koepenick\/wp-json\/wp\/v2\/users\/2"}],"replies":[{"embeddable":true,"href":"https:\/\/blogs.piratech.de\/treptow-koepenick\/wp-json\/wp\/v2\/comments?post=24"}],"version-history":[{"count":0,"href":"https:\/\/blogs.piratech.de\/treptow-koepenick\/wp-json\/wp\/v2\/pages\/24\/revisions"}],"wp:attachment":[{"href":"https:\/\/blogs.piratech.de\/treptow-koepenick\/wp-json\/wp\/v2\/media?parent=24"}],"curies":[{"name":"wp","href":"https:\/\/api.w.org\/{rel}","templated":true}]}}