{"id":191,"date":"2011-08-30T21:00:56","date_gmt":"2011-08-30T21:00:56","guid":{"rendered":"http:\/\/piratenpartei-treptow-koepenick.de\/?page_id=191"},"modified":"2014-10-10T11:40:13","modified_gmt":"2014-10-10T09:40:13","slug":"termine","status":"publish","type":"page","link":"https:\/\/blogs.piratech.de\/treptow-koepenick\/termine\/","title":{"rendered":"Termine"},"content":{"rendered":"<div style=\"clear:both\"><\/div>\n<p>Wir Berliner Piraten treffen uns regelm\u00e4\u00dfig in <a href=\"http:\/\/wiki.piratenpartei.de\/BE:Crewkonzept\">Crews<\/a>, wo wir aktuelle Themen der Partei, im Bund und im Bezirk besprechen. Die Treffen sind \u00f6ffentlich und jeder ist eingeladen uns zu besuchen. In Treptow-K\u00f6penick gibt es 2 aktive Crews.<\/p>\n<h3>Crew Hauptmann von K\u00f6penick<\/h3>\n<p>Die Crew trifft sich jeden zweiten Freitag im Gl\u00fccksstern Obersch\u00f6neweide. Die aktuellen Termine und Themen der Treffen sind auf der <a href=\"http:\/\/wiki.piratenpartei.de\/BE:Crews\/Hauptmann_von_K%C3%B6penick\">Wiki-Seite der Crew<\/a> aktuell zu finden.<\/p>\n<ul>\n<li><a href=\"http:\/\/wiki.piratenpartei.de\/BE:Crews\/Hauptmann_von_K%C3%B6penick#N.C3.A4chsten_Crewtreffen\">Zu den aktuellen Terminen<\/a><\/li>\n<\/ul>\n<h3>Molecule Crew<\/h3>\n<p>Die Crew trifft sich jeden zweiten Dienstag im Caf\u00e9 Provinz. Die aktuellen Termine und Themen der Treffen sind auf der <a href=\"http:\/\/wiki.piratenpartei.de\/BE:Crews\/Molecule_Crew\">Wiki-Seite der Crew<\/a> aktuell zu finden.<\/p>\n<ul>\n<li><a href=\"http:\/\/wiki.piratenpartei.de\/BE:Crews\/Molecule_Crew#Crewtreffen\">Zu den aktuellen Terminen<\/a><\/li>\n<\/ul>\n","protected":false},"excerpt":{"rendered":"<p>Wir Berliner Piraten treffen uns regelm\u00e4\u00dfig in Crews, wo wir aktuelle Themen der Partei, im Bund und im Bezirk besprechen. Die Treffen sind \u00f6ffentlich und jeder ist eingeladen uns zu besuchen. In Treptow-K\u00f6penick gibt es 2 aktive Crews.<\/p>\n<p> Crew Hauptmann von K\u00f6penick <\/p>\n<p>Die Crew trifft sich jeden zweiten Freitag im Gl\u00fccksstern Obersch\u00f6neweide. Die aktuellen Termine <a href=\"https:\/\/blogs.piratech.de\/treptow-koepenick\/termine\/\">[&#8230;]<\/a><\/p>\n","protected":false},"author":2,"featured_media":0,"parent":0,"menu_order":0,"comment_status":"open","ping_status":"open","template":"","meta":{"footnotes":""},"class_list":["post-191","page","type-page","status-publish","hentry"],"_links":{"self":[{"href":"https:\/\/blogs.piratech.de\/treptow-koepenick\/wp-json\/wp\/v2\/pages\/191","targetHints":{"allow":["GET"]}}],"collection":[{"href":"https:\/\/blogs.piratech.de\/treptow-koepenick\/wp-json\/wp\/v2\/pages"}],"about":[{"href":"https:\/\/blogs.piratech.de\/treptow-koepenick\/wp-json\/wp\/v2\/types\/page"}],"author":[{"embeddable":true,"href":"https:\/\/blogs.piratech.de\/treptow-koepenick\/wp-json\/wp\/v2\/users\/2"}],"replies":[{"embeddable":true,"href":"https:\/\/blogs.piratech.de\/treptow-koepenick\/wp-json\/wp\/v2\/comments?post=191"}],"version-history":[{"count":3,"href":"https:\/\/blogs.piratech.de\/treptow-koepenick\/wp-json\/wp\/v2\/pages\/191\/revisions"}],"predecessor-version":[{"id":155045,"href":"https:\/\/blogs.piratech.de\/treptow-koepenick\/wp-json\/wp\/v2\/pages\/191\/revisions\/155045"}],"wp:attachment":[{"href":"https:\/\/blogs.piratech.de\/treptow-koepenick\/wp-json\/wp\/v2\/media?parent=191"}],"curies":[{"name":"wp","href":"https:\/\/api.w.org\/{rel}","templated":true}]}}