{"id":154596,"date":"2013-07-16T22:54:21","date_gmt":"2013-07-16T20:54:21","guid":{"rendered":"http:\/\/piratenpartei-treptow-koepenick.de\/?page_id=154596"},"modified":"2013-07-16T22:54:21","modified_gmt":"2013-07-16T20:54:21","slug":"direktkandidat","status":"publish","type":"page","link":"https:\/\/blogs.piratech.de\/treptow-koepenick\/direktkandidat\/","title":{"rendered":"Direktkandidat Volker Schr\u00f6der"},"content":{"rendered":"<p><img loading=\"lazy\" decoding=\"async\" class=\"size-full wp-image-4916 alignright\" alt=\"Volker im Treptower Park\" src=\"http:\/\/berlin.piratenpartei.de\/wp-content\/uploads\/2011\/08\/Volker@treptower-park.jpg\" width=\"190\" height=\"255\" \/><\/p>\n<ul>\n<li>Geburtsjahr: 1970<\/li>\n<li>Beruf: Softwareentwickler, IT-Berater<\/li>\n<li>Website: <a href=\"http:\/\/volkerswelt.eu\">http:\/\/volkerswelt.eu<\/a><\/li>\n<li>Wiki:\u00a0<a href=\"http:\/\/wiki.piratenpartei.de\/Benutzer:VolkerS\">http:\/\/wiki.piratenpartei.de\/Benutzer:VolkerS<\/a><\/li>\n<li>Twitter: <a href=\"http:\/\/twitter.com\/nochnich\">@nochnich<\/a><\/li>\n<li>Fragen: <a href=\"http:\/\/www.abgeordnetenwatch.de\/Volker_Schr%C3%B6der-1031-70811.html\">abgeordnetenwatch.de<\/a><\/li>\n<li>E-Mail: <a href=\"mailto:volker.schroeder@berlin.piratenpartei.de\">volker.schroeder@berlin.piratenpartei.de<\/a><\/li>\n<\/ul>\n<p><strong>Liebe Treptow-K\u00f6penickerinnen und Treptow-K\u00f6penicker,<\/strong><\/p>\n<p>mein Name ist Volker Schr\u00f6der und ich bin euer Direktkandidat der Piraten f\u00fcr den Wahlkreis Treptow-K\u00f6penick.<\/p>\n<p>Ich bin 43 Jahre alt, IT-Berater und lebe seit 15 Jahren in Berlin Sch\u00f6neweide. Als stellvertretender Fraktionsvorsitzender der Piratenfraktion in der BVV Treptow-K\u00f6penick besch\u00e4ftige ich mich insbesondere mit den Themen <strong>Nachhaltige Verkehrsstrategie<\/strong> und <strong>Stadtentwicklung<\/strong>, <strong>Partizipation<\/strong> und <strong>Inklusion<\/strong>.<\/p>\n<p>Viele der f\u00fcr den Bezirk Treptow-K\u00f6penick grundlegenden Entscheidungen werden auf Bundesebene getroffen, ohne die B\u00fcrger\/innen vor Ort angemessen zu beteiligen. Das betrifft Planungen f\u00fcr Gro\u00dfprojekte wie die A100, den Flughafen BER, die Energiewende ebenso wie die Wohnungs- und Sozialpolitik. <strong>Ich trete f\u00fcr eine weitreichende Verbesserung der Beteiligungsverfahren auf allen Ebenen sowie eine aktive Informationspolitik ein.<\/strong> Alle relevanten Dokumente wie Vertr\u00e4ge und Akten m\u00fcssen barrierefrei und kostenlos zug\u00e4nglich sein. Zurzeit ist B\u00fcrgerbeteiligung jenseits von Wahlen und Volksbegehren nach wie vor mehr Symbolakt als echte Partizipation. Stattdessen nehmen staatliche Eingriffe in die Grund- und B\u00fcrgerrechte immer weiter zu. Die Beschneidung des Rechts auf informationelle Selbstbestimmung und Datenschutz gef\u00e4hrdet unsere Freiheit. Einschr\u00e4nkungen von Grundrechten, wie dem Recht auf gesellschaftliche Teilhabe und Existenzsicherung, f\u00fchren zur Ausgrenzung gro\u00dfer Teile unserer Bev\u00f6lkerung.<\/p>\n<p><strong>Solange B\u00fcrgerbeteiligung unerw\u00fcnscht, Transparenz beliebig, \u00dcberwachung Allheilmittel und Teilhabe nicht gesichert ist, braucht es uns Piraten!<\/strong><\/p>\n<p>Zudem sehe ich in meiner Kandidatur die Chance, mein Herzensthema, die Etablierung eines neuen <a href=\"https:\/\/wiki.piratenpartei.de\/Benutzer:VolkerS\/Endlich_Demokratie%21\">Beteiligungsnetzwerkes<\/a>, voranzubringen.<\/p>\n<h3>Wof\u00fcr ich k\u00e4mpfe<\/h3>\n<p><a href=\"http:\/\/blogs.piratech.de\/treptow-koepenick\/wp-content\/uploads\/sites\/12\/2013\/08\/PP-BE-Plakat-BTW13-Motiv_DK_WK84.jpg\"><img loading=\"lazy\" decoding=\"async\" class=\"size-medium wp-image-154723 alignright\" alt=\"Direktkandidatenplakat Volker Schr\u00f6der (klein)\" src=\"http:\/\/blogs.piratech.de\/treptow-koepenick\/wp-content\/uploads\/sites\/12\/2013\/08\/PP-BE-Plakat-BTW13-Motiv_DK_WK84-212x300.jpg\" width=\"212\" height=\"300\" srcset=\"https:\/\/blogs.piratech.de\/treptow-koepenick\/wp-content\/uploads\/sites\/12\/2013\/08\/PP-BE-Plakat-BTW13-Motiv_DK_WK84-212x300.jpg 212w, https:\/\/blogs.piratech.de\/treptow-koepenick\/wp-content\/uploads\/sites\/12\/2013\/08\/PP-BE-Plakat-BTW13-Motiv_DK_WK84.jpg 425w\" sizes=\"auto, (max-width: 212px) 100vw, 212px\" \/><\/a><\/p>\n<blockquote><p><strong>Gemeinsam<\/strong> werden wir neue, <strong>ganzheitliche Konzepte<\/strong> f\u00fcr die brennenden Gesellschaftsthemen unserer Zeit <strong>entwickeln<\/strong> &#8211; die Zukunft unseres Landes ist zu wichtig, um sie einer elit\u00e4ren Kaste zu \u00fcberlassen.<\/p><\/blockquote>\n<blockquote><p>Wir brauchen dringend neue Formen der politischen Partizipation. Ich werde f\u00fcr die Menschen unseres Bezirks <strong>echte Beteiligung<\/strong> an politischen Entscheidungen <strong>erm\u00f6glichen<\/strong> &#8211; \u00fcber ein neues Beteiligungsnetzwerk werde ich die B\u00fcrger\/ innen aktiv einbinden.<\/p><\/blockquote>\n<blockquote><p>Teilhabe gew\u00e4hrleisten &#8211; die <strong>Bed\u00fcrfnisse der Menschen m\u00fcssen im Vordergrund der Politik stehen<\/strong>, nicht die Interessen von Energieversorgern, Agrarkonzernen und Finanzindustrie.<\/p><\/blockquote>\n<blockquote><p>Voraussetzungen f\u00fcr <strong>nachhaltige Mobilit\u00e4t schaffen<\/strong> &#8211; Fahrscheinloser \u00d6PNV und familienfreundliche Radwege anstatt Betonw\u00fcste A100.<\/p><\/blockquote>\n<blockquote><p><strong>Bezirke b\u00fcrgernah gestalten<\/strong> &#8211; funktionierende Kiezstrukturen nicht den Spekulationsinteressen der Immobilienhaie zum Fra\u00df vorwerfen.<\/p><\/blockquote>\n<h3>Presse und Medien<\/h3>\n<ul>\n<li><a href=\"http:\/\/klabautercast.de\/2013\/06\/25\/folge-120-beteiligungsnetzwerk\/\">25.07.2013 &#8211; Klabautercast 116: Beteiligungsnetzwerk<\/a>\u00a0(Podcast)<\/li>\n<li><a href=\"http:\/\/www.youtube.com\/watch?v=T1OEKavyN7g\">08.06.2013 &#8211; Volker Schr\u00f6der beim 9. Fest der Demokratie<\/a>\u00a0(Video)<\/li>\n<li><a href=\"http:\/\/www.berliner-woche.de\/nachrichten\/bezirk-treptow-koepenick\/artikel\/14707-direktkandidat-der-piratenpartei\/\">26.04.2013 &#8211; Berliner Woche: Direktkandidat der Piratenpartei<\/a><\/li>\n<\/ul>\n<p>Presseanfragen bitte an:\u00a0<a href=\"mailto:volker.schroeder@berlin.piratenpartei.de\">volker.schroeder@berlin.piratenpartei.de<\/a><\/p>\n<h3>Termine<\/h3>\n<ul>\n<li><a title=\"Termine\" href=\"http:\/\/piratenpartei-treptow-koepenick.de\/termine\/\">Wahlkampftermine<\/a><\/li>\n<li><a title=\"Volker Unplugged\" href=\"http:\/\/piratenpartei-treptow-koepenick.de\/volker-unplugged\/\">Volker Unplugged<\/a><\/li>\n<\/ul>\n<h3 style=\"clear: both\">Wahlkampfmaterial<\/h3>\n<ul>\n<li><a href=\"http:\/\/blogs.piratech.de\/treptow-koepenick\/wp-content\/uploads\/sites\/12\/2013\/07\/PP-Bund-BTW13-Faltblatt-VS-v2.pdf\">Flyer zur Kandidatenvorstellung (PDF)<\/a><\/li>\n<li><a href=\"http:\/\/blogs.piratech.de\/treptow-koepenick\/wp-content\/uploads\/sites\/12\/2013\/07\/PP-BE-Plakat-BTW13-Motiv_DK_WK84_1500.jpg\">Direktkandidatenplakat (JPG)<\/a><\/li>\n<li><a href=\"http:\/\/blogs.piratech.de\/treptow-koepenick\/wp-content\/uploads\/sites\/12\/2013\/07\/volker-logo.png\">Kandidatenlogo Volker Schr\u00f6der (PNG)<\/a><\/li>\n<li>Volker Unplugged Abrei\u00dfer (PDF)<\/li>\n<li><a href=\"http:\/\/blogs.piratech.de\/treptow-koepenick\/wp-content\/uploads\/sites\/12\/2013\/07\/Benutzer_VolkerS_110615.jpg\">Portrait (S\/W)<\/a><\/li>\n<\/ul>\n","protected":false},"excerpt":{"rendered":"<\/p>\n<p> Geburtsjahr: 1970 Beruf: Softwareentwickler, IT-Berater Website: http:\/\/volkerswelt.eu Wiki:\u00a0http:\/\/wiki.piratenpartei.de\/Benutzer:VolkerS Twitter: @nochnich Fragen: abgeordnetenwatch.de E-Mail: volker.schroeder@berlin.piratenpartei.de <\/p>\n<p>Liebe Treptow-K\u00f6penickerinnen und Treptow-K\u00f6penicker,<\/p>\n<p>mein Name ist Volker Schr\u00f6der und ich bin euer Direktkandidat der Piraten f\u00fcr den Wahlkreis Treptow-K\u00f6penick.<\/p>\n<p>Ich bin 43 Jahre alt, IT-Berater und lebe seit 15 Jahren in Berlin Sch\u00f6neweide. Als stellvertretender Fraktionsvorsitzender der Piratenfraktion in <a href=\"https:\/\/blogs.piratech.de\/treptow-koepenick\/direktkandidat\/\">[&#8230;]<\/a><\/p>\n","protected":false},"author":66,"featured_media":154686,"parent":0,"menu_order":0,"comment_status":"open","ping_status":"closed","template":"page-full.php","meta":{"footnotes":""},"class_list":["post-154596","page","type-page","status-publish","has-post-thumbnail","hentry"],"_links":{"self":[{"href":"https:\/\/blogs.piratech.de\/treptow-koepenick\/wp-json\/wp\/v2\/pages\/154596","targetHints":{"allow":["GET"]}}],"collection":[{"href":"https:\/\/blogs.piratech.de\/treptow-koepenick\/wp-json\/wp\/v2\/pages"}],"about":[{"href":"https:\/\/blogs.piratech.de\/treptow-koepenick\/wp-json\/wp\/v2\/types\/page"}],"author":[{"embeddable":true,"href":"https:\/\/blogs.piratech.de\/treptow-koepenick\/wp-json\/wp\/v2\/users\/66"}],"replies":[{"embeddable":true,"href":"https:\/\/blogs.piratech.de\/treptow-koepenick\/wp-json\/wp\/v2\/comments?post=154596"}],"version-history":[{"count":1,"href":"https:\/\/blogs.piratech.de\/treptow-koepenick\/wp-json\/wp\/v2\/pages\/154596\/revisions"}],"predecessor-version":[{"id":154921,"href":"https:\/\/blogs.piratech.de\/treptow-koepenick\/wp-json\/wp\/v2\/pages\/154596\/revisions\/154921"}],"wp:featuredmedia":[{"embeddable":true,"href":"https:\/\/blogs.piratech.de\/treptow-koepenick\/wp-json\/wp\/v2\/media\/154686"}],"wp:attachment":[{"href":"https:\/\/blogs.piratech.de\/treptow-koepenick\/wp-json\/wp\/v2\/media?parent=154596"}],"curies":[{"name":"wp","href":"https:\/\/api.w.org\/{rel}","templated":true}]}}