{"id":152336,"date":"2013-07-07T19:59:58","date_gmt":"2013-07-07T17:59:58","guid":{"rendered":"http:\/\/piratenpartei-treptow-koepenick.de\/?page_id=152336"},"modified":"2013-07-07T19:59:58","modified_gmt":"2013-07-07T17:59:58","slug":"beteiligungsnetzwerk","status":"publish","type":"page","link":"https:\/\/blogs.piratech.de\/treptow-koepenick\/direktkandidat\/beteiligungsnetzwerk\/","title":{"rendered":"Beteiligungsnetzwerk"},"content":{"rendered":"<p>Ein etwas komplexes Thema, weshalb ich erst mal ein wenig ausholen werde.<\/p>\n<h3>Die Situation \/ das Problem<\/h3>\n<blockquote><p>Da sich bei jedem Thema jeweils nur ein sehr geringer Teil der Bev\u00f6lkerung in die jeweiligen h\u00e4ufig komplexen Details einarbeiten kann, bleiben selbst bewusst gelogene Behauptungen prominenter Politiker in der Regel folgenlos f\u00fcr deren Renommee\u2026<\/p><\/blockquote>\n<p>Alle Themen, die \u00f6ffentlich politisch diskutiert werden sind im Detail so komplex, das es extrem aufw\u00e4ndig ist, sich eine eigene, abgewogene und fundierte Position zu entwickeln. Selbst wenn man dies tats\u00e4chlich auf sich nimmt, muss man ertragen, wie \u00f6ffentlich unwidersprochen Behauptungen verbreitet werden, die offensichtlich unwahr sind. Nichtsdestotrotz l\u00e4sst sich ein gro\u00dfer Teil der W\u00e4hler_innen von solchen L\u00fcgen beeinflussen l\u00e4sst, denn wem soll man denn Glauben?<\/p>\n<p>Ein besonders deutliches und nachvollziehbares Beispiel hierf\u00fcr lies sich im Vorfeld des \u201e<a href=\"https:\/\/de.wikipedia.org\/wiki\/Laufzeitverl%C3%A4ngerung_deutscher_Kernkraftwerke\" rel=\"nofollow\">Ausstiegs aus dem Ausstieg<\/a>\u201c im Oktober 2010 beobachten, also einige Monate vor den\u00a0<a href=\"https:\/\/de.wikipedia.org\/wiki\/Nuklearkatastrophe_von_Fukushima\" rel=\"nofollow\">Kernschmelzen von Fukushima<\/a>: In vielen Magazin- und Wissenschaftssendungen wurde im \u00d6ffentlich-Rechtlichen Fernsehen differenziert erkl\u00e4rt, warum einerseits der fortgef\u00fchrte Betrieb von Kernreaktoren unverantwortlich sei, ohne ein Endlager zu haben und andererseits, das Kernenergie nicht geeignet ist, den \u00dcbergang zu erneuerbarer Energieversorgung zu ebnen, sondern im Gegenteil den Ausbau von Wind- und Solarenergie bremsen wird.<\/p>\n<p>Es bestand bei allen Wissenschaftlern Einigkeit, das die Lobbythese \u201eKernenergie als Br\u00fcckentechnologie\u201c der Realit\u00e4t diametral entgegen stand.<\/p>\n<p>Und dann stellte sich die Physikerin und Kanzlerin Angela Merkel vor die Kameras und behauptete, dass wir eine Verl\u00e4ngerung der Laufzeiten ben\u00f6tigen weil die Kernenergie eine notwendige Br\u00fcckentechnologie f\u00fcr die Energiewende sei.<\/p>\n<p>\u2026 und dem weniger informierten Zuschauer bleibt nur, sich zu entscheiden wem er Glauben schenken mag \u2026<\/p>\n<p>Derartige Inszenierungen dominieren heute die politische B\u00fchne. Dinge werden behauptet, Schlussfolgerungen gezogen, Forderungen aufgestellt, die Behauptungen m\u00f6gen falsch sein, die Schlussfolgerungen scheinlogisch und die aufgestellten Forderungen ohne erwartbare Folgen in der behauptet angestrebten Richtung \u2013 der n\u00e4chste Diskussionsteilnehmer behauptet anderes, zieht andere Schlussfolgerungen und stellt andere Forderungen, alles m\u00f6glicherweise ebenso ohne jeglichen Realit\u00e4tsbezug \u2013 und am Ende bleibt dem Zuschauer \u201egute Unterhaltung\u201c, aber dem eigentlichen Ziel, sich einer informierten Entscheidung oder einer vern\u00fcnftigen, ausgewogenen L\u00f6sung f\u00fcr ein m\u00f6glicherweise tats\u00e4chlich bestehendes Problem zu n\u00e4hern, wurde sich eher entfernt.<\/p>\n<p>Ob die B\u00fchne Talkshow, Bundestag oder Stammtisch hei\u00dft, \u00e4ndert an diesem Balzverhalten wenig. Pers\u00f6nliches Renommee und ideologische F\u00e4rbung dominieren, inhaltliche Argumente bleiben seltene Randerscheinungen. Der Zuschauer kann sich fragen, welchem der beteiligten Akteure er wie viel Vertrauen entgegen bringen m\u00f6chte, aber warum welche Entscheidung getroffen werden sollte und speziell, was schlie\u00dflich tats\u00e4chlich beschlossen wird, bleibt im nebul\u00f6sen Dunkel.<\/p>\n<h3>Die Vision<\/h3>\n<blockquote><p>Mein Ziel ist es, die Menschen aktiv in die politische Diskussion und Entscheidungsfindung einzubeziehen.<\/p><\/blockquote>\n<p>Es gibt ein\u00a0<b>f\u00fcr <\/b><strong>jede_n frei zug\u00e4ngliches System<\/strong>, in dem sich\u00a0<strong>jede_r \u00fcber alles informieren<\/strong>\u00a0kann und\u00a0<strong>eigene Sichtweisen und Positionen<\/strong>\u00a0in die politische Diskussion\u00a0<strong>einbringen<\/strong>\u00a0kann.<\/p>\n<p>\u00dcber M\u00f6glichkeiten, eine hierf\u00fcr geeignete Software zu entwickeln, denke ich bereits seit zwei Jahrzehnten nach. Damals lagen die technischen Voraussetzungen noch nicht vor. Heute dagegen w\u00fcrde es ausreichen, zehn geeignete erfahrene Entwickler zu verpflichten, sich f\u00fcr ein Jahr der Aufgabe annehmen. Aus Eigenmitteln war mir dies bisher nicht m\u00f6glich.<\/p>\n<p>Zurzeit ist B\u00fcrgerbeteiligung jenseits von Wahlen und Volksbegehren nach wie vor mehr Symbolakt als echte Partizipation. Wir brauchen dringend neue L\u00f6sungsmodelle, die andere Beteiligungsformen \u00fcberhaupt erst erm\u00f6glichen.<\/p>\n<p>Hierf\u00fcr m\u00f6chte ich ein offenes Beteiligungsnetzwerk entwickeln, das grundlegende Weichen f\u00fcr eine neue Debattenkultur stellt. Nur ein frei zug\u00e4ngliches unabh\u00e4ngiges System, in dem Informationen transparent und Argumente nachvollziehbar aufbereitet sind und bei dem sich jede_r gleichberechtigt an der Diskussion beteiligen kann, kann einen Gegenpol zu den derzeit \u00fcblichen politischen und medienstrategischen Inszenierungen schaffen.<\/p>\n<h2>Diskussion<\/h2>\n<p>Das Beteiligungsnetzwerk wurde ausf\u00fchrlich von mir im <a href=\"http:\/\/klabautercast.de\/2013\/06\/25\/folge-120-beteiligungsnetzwerk\/\">Klabautercast Podcast<\/a> vorgestellt.<\/p>\n","protected":false},"excerpt":{"rendered":"<p>Ein etwas komplexes Thema, weshalb ich erst mal ein wenig ausholen werde.<\/p>\n<p> Die Situation \/ das Problem <\/p>\n<p>Da sich bei jedem Thema jeweils nur ein sehr geringer Teil der Bev\u00f6lkerung in die jeweiligen h\u00e4ufig komplexen Details einarbeiten kann, bleiben selbst bewusst gelogene Behauptungen prominenter Politiker in der Regel folgenlos f\u00fcr deren Renommee\u2026<\/p>\n<p>Alle Themen, die <a href=\"https:\/\/blogs.piratech.de\/treptow-koepenick\/direktkandidat\/beteiligungsnetzwerk\/\">[&#8230;]<\/a><\/p>\n","protected":false},"author":66,"featured_media":154686,"parent":154596,"menu_order":0,"comment_status":"open","ping_status":"open","template":"page-full.php","meta":{"footnotes":""},"class_list":["post-152336","page","type-page","status-publish","has-post-thumbnail","hentry"],"_links":{"self":[{"href":"https:\/\/blogs.piratech.de\/treptow-koepenick\/wp-json\/wp\/v2\/pages\/152336","targetHints":{"allow":["GET"]}}],"collection":[{"href":"https:\/\/blogs.piratech.de\/treptow-koepenick\/wp-json\/wp\/v2\/pages"}],"about":[{"href":"https:\/\/blogs.piratech.de\/treptow-koepenick\/wp-json\/wp\/v2\/types\/page"}],"author":[{"embeddable":true,"href":"https:\/\/blogs.piratech.de\/treptow-koepenick\/wp-json\/wp\/v2\/users\/66"}],"replies":[{"embeddable":true,"href":"https:\/\/blogs.piratech.de\/treptow-koepenick\/wp-json\/wp\/v2\/comments?post=152336"}],"version-history":[{"count":0,"href":"https:\/\/blogs.piratech.de\/treptow-koepenick\/wp-json\/wp\/v2\/pages\/152336\/revisions"}],"up":[{"embeddable":true,"href":"https:\/\/blogs.piratech.de\/treptow-koepenick\/wp-json\/wp\/v2\/pages\/154596"}],"wp:featuredmedia":[{"embeddable":true,"href":"https:\/\/blogs.piratech.de\/treptow-koepenick\/wp-json\/wp\/v2\/media\/154686"}],"wp:attachment":[{"href":"https:\/\/blogs.piratech.de\/treptow-koepenick\/wp-json\/wp\/v2\/media?parent=152336"}],"curies":[{"name":"wp","href":"https:\/\/api.w.org\/{rel}","templated":true}]}}