{"id":11,"date":"2011-05-08T14:21:26","date_gmt":"2011-05-08T12:21:26","guid":{"rendered":"http:\/\/piraten-steglitz-zehlendorf.de\/?page_id=11"},"modified":"2021-01-31T20:05:42","modified_gmt":"2021-01-31T19:05:42","slug":"impressum","status":"publish","type":"page","link":"https:\/\/blogs.piratech.de\/steglitz-zehlendorf\/archiv\/impressum\/","title":{"rendered":"Impressum"},"content":{"rendered":"<div>\n<p>Die Piraten Berlin sind wie folgt zu erreichen:<\/p>\n<p><strong>Anfragen per E-Mail<\/strong><\/p>\n<p><strong><a href=\"mailto:vorstand@berlin.piratenpartei.de\">vorstand [at] berlin [punkt] piratenpartei [punkt] de<\/a><\/strong><\/p>\n<p><strong>Anfragen und Mitgliedsantr\u00e4ge auf dem Postweg<\/strong><\/p>\n<blockquote>\n<address>Piratenpartei Berlin<br \/>\nPflugstra\u00dfe 9a<br \/>\n10115 Berlin (Mitte)<\/address>\n<address>Telefon 030 60982288-0<\/address>\n<address>Fax 030 60982288-9<\/address>\n<\/blockquote>\n<p><strong>piraten-steglitz-zehlendorf.de wird betrieben von<\/strong><\/p>\n<blockquote>\n<address>Piratenpartei Deutschland (PIRATEN)<br \/>\nLandesverband Berlin<br \/>\nPflugstra\u00dfe 9a<br \/>\n10115 Berlin (Mitte)<\/address>\n<\/blockquote>\n<p>Inhaltlich Verantwortlicher gem\u00e4\u00df \u00a7 55 Abs. 2 RStV: <strong>Simon Kowalewski\u00a0<\/strong> (Anschrift wie oben)<\/p>\n<p>Haftungshinweis: Trotz sorgf\u00e4ltiger inhaltlicher Kontrolle \u00fcbernehmen wir keine Haftung f\u00fcr die Inhalte externer Links. F\u00fcr den Inhalt der verlinkten Seiten sind ausschlie\u00dflich deren Betreiber verantwortlich.<\/p>\n<p>Bitte beachten: <a title=\"Datenschutzhinweise\" href=\"https:\/\/www.piratenpartei.berlin\/datenschutzerklaerung\/\">Datenschutzerkl\u00e4rung<\/a><\/p>\n<\/div>\n","protected":false},"excerpt":{"rendered":"<p>Die Piraten Berlin sind wie folgt zu erreichen: Anfragen per E-Mail vorstand [at] berlin [punkt] piratenpartei [punkt] de Anfragen und Mitgliedsantr\u00e4ge auf dem Postweg Piratenpartei Berlin Pflugstra\u00dfe 9a 10115 Berlin (Mitte) Telefon 030 60982288-0 Fax 030 60982288-9 piraten-steglitz-zehlendorf.de wird betrieben &hellip; <a href=\"https:\/\/blogs.piratech.de\/steglitz-zehlendorf\/archiv\/impressum\/\">Weiterlesen <span class=\"meta-nav\">&rarr;<\/span><\/a><\/p>\n","protected":false},"author":81,"featured_media":0,"parent":223,"menu_order":9,"comment_status":"closed","ping_status":"closed","template":"sidebar-page.php","meta":{"footnotes":""},"class_list":["post-11","page","type-page","status-publish","hentry"],"_links":{"self":[{"href":"https:\/\/blogs.piratech.de\/steglitz-zehlendorf\/wp-json\/wp\/v2\/pages\/11","targetHints":{"allow":["GET"]}}],"collection":[{"href":"https:\/\/blogs.piratech.de\/steglitz-zehlendorf\/wp-json\/wp\/v2\/pages"}],"about":[{"href":"https:\/\/blogs.piratech.de\/steglitz-zehlendorf\/wp-json\/wp\/v2\/types\/page"}],"author":[{"embeddable":true,"href":"https:\/\/blogs.piratech.de\/steglitz-zehlendorf\/wp-json\/wp\/v2\/users\/81"}],"replies":[{"embeddable":true,"href":"https:\/\/blogs.piratech.de\/steglitz-zehlendorf\/wp-json\/wp\/v2\/comments?post=11"}],"version-history":[{"count":1,"href":"https:\/\/blogs.piratech.de\/steglitz-zehlendorf\/wp-json\/wp\/v2\/pages\/11\/revisions"}],"predecessor-version":[{"id":1021,"href":"https:\/\/blogs.piratech.de\/steglitz-zehlendorf\/wp-json\/wp\/v2\/pages\/11\/revisions\/1021"}],"up":[{"embeddable":true,"href":"https:\/\/blogs.piratech.de\/steglitz-zehlendorf\/wp-json\/wp\/v2\/pages\/223"}],"wp:attachment":[{"href":"https:\/\/blogs.piratech.de\/steglitz-zehlendorf\/wp-json\/wp\/v2\/media?parent=11"}],"curies":[{"name":"wp","href":"https:\/\/api.w.org\/{rel}","templated":true}]}}