{"id":7911,"date":"2013-09-01T19:54:58","date_gmt":"2013-09-01T17:54:58","guid":{"rendered":"http:\/\/piraten-spandau.de\/?page_id=7911"},"modified":"2016-06-06T19:54:32","modified_gmt":"2016-06-06T19:54:32","slug":"bezirksbeauftragte","status":"publish","type":"page","link":"https:\/\/blogs.piratech.de\/spandau\/impressum\/bezirksbeauftragte\/","title":{"rendered":"Gebietsbeauftragte"},"content":{"rendered":"<p style=\"text-align: justify\">Die Gebietsbeauftragtebeauftragten sind das Sprachrohr der Basis. Sie sind Ansprechpartner f\u00fcr B\u00fcrger, \u00d6ffentlichkeit und Vorstand, und sie tragen die Informationen und Fragen in die Crews und Squads. Ihre Aufgaben sind repr\u00e4sentativ und decken die innerbezirkliche Kommunikation ab.<\/p>\n<p style=\"text-align: justify\">Die Gebietsversammlung des Bezirks Spandau hat am 13.03.2016 beschlossen, drei Piraten mit der Vertretung der Interessen der Gebietsversammlung Spandau zu beauftragen.<\/p>\n<p style=\"text-align: justify\"><strong>Die Beauftragten vertreten die Interessen der Gebietsversammlung Spandau nach Ma\u00dfgabe ihrer Beschl\u00fcsse sowie der Satzung und den Beschl\u00fcssen der Organe der Piratenpartei Deutschland und der Piratenpartei Deutschland Berlin.<\/strong><\/p>\n<p style=\"text-align: justify\">Der Beauftragte unterst\u00fctzt den Landesvorstand bei der Einberufung und Durchf\u00fchrung von Gebietsversammlungen und unterrichtet den Landesvorstand \u00fcber Ereignisse im Bezirk, die landespolitisch von Bedeutung sein k\u00f6nnen.<\/p>\n<p style=\"text-align: justify\"><strong>Der aktuellen Gebietsbeauftragten sind:<\/strong><\/p>\n<ul>\n<li><span class=\"\">Philipp Z\u00fchlke<\/span><\/li>\n<li><span class=\"\">Petra G\u00f6hle<\/span><\/li>\n<li><span class=\"\">Sebastian H\u00f6lzel<\/span><\/li>\n<\/ul>\n","protected":false},"excerpt":{"rendered":"<p style=\"text-align: justify\">Die Gebietsbeauftragtebeauftragten sind das Sprachrohr der Basis. Sie sind Ansprechpartner f\u00fcr B\u00fcrger, \u00d6ffentlichkeit und Vorstand, und sie tragen die Informationen und Fragen in die Crews und Squads. Ihre Aufgaben sind repr\u00e4sentativ und decken die innerbezirkliche Kommunikation ab.<\/p>\n<p style=\"text-align: justify\">Die Gebietsversammlung des Bezirks Spandau hat am 13.03.2016 beschlossen, drei Piraten mit der Vertretung der Interessen der Gebietsversammlung Spandau [&#8230;]<\/p>\n","protected":false},"author":73,"featured_media":0,"parent":40,"menu_order":0,"comment_status":"open","ping_status":"open","template":"","meta":{"footnotes":""},"class_list":["post-7911","page","type-page","status-publish","hentry"],"_links":{"self":[{"href":"https:\/\/blogs.piratech.de\/spandau\/wp-json\/wp\/v2\/pages\/7911","targetHints":{"allow":["GET"]}}],"collection":[{"href":"https:\/\/blogs.piratech.de\/spandau\/wp-json\/wp\/v2\/pages"}],"about":[{"href":"https:\/\/blogs.piratech.de\/spandau\/wp-json\/wp\/v2\/types\/page"}],"author":[{"embeddable":true,"href":"https:\/\/blogs.piratech.de\/spandau\/wp-json\/wp\/v2\/users\/73"}],"replies":[{"embeddable":true,"href":"https:\/\/blogs.piratech.de\/spandau\/wp-json\/wp\/v2\/comments?post=7911"}],"version-history":[{"count":3,"href":"https:\/\/blogs.piratech.de\/spandau\/wp-json\/wp\/v2\/pages\/7911\/revisions"}],"predecessor-version":[{"id":13454,"href":"https:\/\/blogs.piratech.de\/spandau\/wp-json\/wp\/v2\/pages\/7911\/revisions\/13454"}],"up":[{"embeddable":true,"href":"https:\/\/blogs.piratech.de\/spandau\/wp-json\/wp\/v2\/pages\/40"}],"wp:attachment":[{"href":"https:\/\/blogs.piratech.de\/spandau\/wp-json\/wp\/v2\/media?parent=7911"}],"curies":[{"name":"wp","href":"https:\/\/api.w.org\/{rel}","templated":true}]}}