{"id":4493,"date":"2012-04-11T16:25:59","date_gmt":"2012-04-11T14:25:59","guid":{"rendered":"http:\/\/piraten-spandau.de\/?page_id=4493"},"modified":"2012-04-11T16:25:59","modified_gmt":"2012-04-11T14:25:59","slug":"links","status":"publish","type":"page","link":"https:\/\/blogs.piratech.de\/spandau\/willkommen-bei-der-piratenpartei-spandau\/links\/","title":{"rendered":"Links"},"content":{"rendered":"<ul>\n<li>Der <a href=\"http:\/\/www.buergergesellschaft.de\/index.php\">Wegweiser B\u00fcrgergesellschaft<\/a> bietet umf\u00e4ngliche Informationen zum b\u00fcrgerschaftlichen Engagement und zur B\u00fcrgerbeteiligung.<\/li>\n<li>Das <a href=\"http:\/\/www.netzwerk-buergerbeteiligung.de\/\">Netzwerk B\u00fcrgerbeteiligung<\/a> erarbeitet \u00bbQualit\u00e4tskriterien B\u00fcrgerbeteiligung\u00ab<\/li>\n<li><a href=\"http:\/\/www.berlin.de\/ba-spandau\/buergerdienste\/link\/\">Spandau Links<\/a> auf der Bezirksamt-Seite.<\/li>\n<\/ul>\n","protected":false},"excerpt":{"rendered":"<ul>\n<li>Der <a href=\"http:\/\/www.buergergesellschaft.de\/index.php\">Wegweiser B\u00fcrgergesellschaft<\/a> bietet umf\u00e4ngliche Informationen zum b\u00fcrgerschaftlichen Engagement und zur B\u00fcrgerbeteiligung.<\/li>\n<li>Das <a href=\"http:\/\/www.netzwerk-buergerbeteiligung.de\/\">Netzwerk B\u00fcrgerbeteiligung<\/a> erarbeitet \u00bbQualit\u00e4tskriterien B\u00fcrgerbeteiligung\u00ab<\/li>\n<li><a href=\"http:\/\/www.berlin.de\/ba-spandau\/buergerdienste\/link\/\">Spandau Links<\/a> auf der Bezirksamt-Seite.<\/li>\n<\/ul>\n","protected":false},"author":73,"featured_media":0,"parent":30,"menu_order":95,"comment_status":"open","ping_status":"closed","template":"","meta":{"footnotes":""},"class_list":["post-4493","page","type-page","status-publish","hentry"],"_links":{"self":[{"href":"https:\/\/blogs.piratech.de\/spandau\/wp-json\/wp\/v2\/pages\/4493","targetHints":{"allow":["GET"]}}],"collection":[{"href":"https:\/\/blogs.piratech.de\/spandau\/wp-json\/wp\/v2\/pages"}],"about":[{"href":"https:\/\/blogs.piratech.de\/spandau\/wp-json\/wp\/v2\/types\/page"}],"author":[{"embeddable":true,"href":"https:\/\/blogs.piratech.de\/spandau\/wp-json\/wp\/v2\/users\/73"}],"replies":[{"embeddable":true,"href":"https:\/\/blogs.piratech.de\/spandau\/wp-json\/wp\/v2\/comments?post=4493"}],"version-history":[{"count":0,"href":"https:\/\/blogs.piratech.de\/spandau\/wp-json\/wp\/v2\/pages\/4493\/revisions"}],"up":[{"embeddable":true,"href":"https:\/\/blogs.piratech.de\/spandau\/wp-json\/wp\/v2\/pages\/30"}],"wp:attachment":[{"href":"https:\/\/blogs.piratech.de\/spandau\/wp-json\/wp\/v2\/media?parent=4493"}],"curies":[{"name":"wp","href":"https:\/\/api.w.org\/{rel}","templated":true}]}}