{"id":4173,"date":"2012-03-21T17:32:59","date_gmt":"2012-03-21T16:32:59","guid":{"rendered":"http:\/\/piraten-spandau.de\/?page_id=4173"},"modified":"2012-03-21T17:32:59","modified_gmt":"2012-03-21T16:32:59","slug":"das-allgemeine-piratige-mandat","status":"publish","type":"page","link":"https:\/\/blogs.piratech.de\/spandau\/willkommen-bei-der-piratenpartei-spandau\/das-allgemeine-piratige-mandat\/","title":{"rendered":"Das allgemeine Piratige Mandat"},"content":{"rendered":"<p><b>Wenn du eine Idee hast die nichts kostet und positiv f\u00fcr die Partei ist, setze sie um!<\/b><\/p>\n<p><u>A. Bevor du aber loslegst, &#8230;<\/u><\/p>\n<p>A.1 &#8230; \u00fcberlege dir was du damit erreichen willst.<\/p>\n<p>A.2 &#8230; mach dir bewusst das DU die Verantwortung tr\u00e4gst, im positiven wie im negativen Sinn.<\/p>\n<p>A.3 &#8230; bedenke m\u00f6gliche Konsequenzen f\u00fcr die Piratenpartei, deine Crew, dein Squad, weitere Beteiligte und f\u00fcr dich selbst.<\/p>\n<p>A.4 &#8230; frage dich, ob du die Aktion auch hinterher noch vertreten und die Konsequenzen tragen kannst.<\/p>\n<p>A.5 &#8230; sprich mit 3 bis 4 anderen Personen oder Piraten auf deren kritisches Urteil du Wert legst und frage sie ob deine Idee wirklich so toll ist wie du denkst.<\/p>\n<p><u>B. Wenn du deine Idee umgesetzt hast, &#8230;<\/u><\/p>\n<p>B.1 &#8230; reflektiere f\u00fcr dich, ob deine Aktion das gew\u00fcnschte Ziel erf\u00fcllt hat.<\/p>\n<p>B.2 &#8230; stehe zu deiner Aktion.<\/p>\n<p>B.3 &#8230; stelle dich den Fragen von anderen Personen und Piraten.<\/p>\n<p>B.4 &#8230; sei offen f\u00fcr positives und negatives Feedback.<\/p>\n","protected":false},"excerpt":{"rendered":"<p>Wenn du eine Idee hast die nichts kostet und positiv f\u00fcr die Partei ist, setze sie um!<\/p>\n<p>A. Bevor du aber loslegst, &#8230;<\/p>\n<p>A.1 &#8230; \u00fcberlege dir was du damit erreichen willst.<\/p>\n<p>A.2 &#8230; mach dir bewusst das DU die Verantwortung tr\u00e4gst, im positiven wie im negativen Sinn.<\/p>\n<p>A.3 &#8230; bedenke m\u00f6gliche Konsequenzen f\u00fcr die Piratenpartei, deine Crew, dein Squad, [&#8230;]<\/p>\n","protected":false},"author":73,"featured_media":0,"parent":30,"menu_order":30,"comment_status":"open","ping_status":"closed","template":"","meta":{"footnotes":""},"class_list":["post-4173","page","type-page","status-publish","hentry"],"_links":{"self":[{"href":"https:\/\/blogs.piratech.de\/spandau\/wp-json\/wp\/v2\/pages\/4173","targetHints":{"allow":["GET"]}}],"collection":[{"href":"https:\/\/blogs.piratech.de\/spandau\/wp-json\/wp\/v2\/pages"}],"about":[{"href":"https:\/\/blogs.piratech.de\/spandau\/wp-json\/wp\/v2\/types\/page"}],"author":[{"embeddable":true,"href":"https:\/\/blogs.piratech.de\/spandau\/wp-json\/wp\/v2\/users\/73"}],"replies":[{"embeddable":true,"href":"https:\/\/blogs.piratech.de\/spandau\/wp-json\/wp\/v2\/comments?post=4173"}],"version-history":[{"count":0,"href":"https:\/\/blogs.piratech.de\/spandau\/wp-json\/wp\/v2\/pages\/4173\/revisions"}],"up":[{"embeddable":true,"href":"https:\/\/blogs.piratech.de\/spandau\/wp-json\/wp\/v2\/pages\/30"}],"wp:attachment":[{"href":"https:\/\/blogs.piratech.de\/spandau\/wp-json\/wp\/v2\/media?parent=4173"}],"curies":[{"name":"wp","href":"https:\/\/api.w.org\/{rel}","templated":true}]}}