{"id":36,"date":"2011-09-26T23:10:11","date_gmt":"2011-09-26T21:10:11","guid":{"rendered":"http:\/\/piraten-spandau.de\/howto-pirate\/"},"modified":"2011-09-26T23:10:11","modified_gmt":"2011-09-26T21:10:11","slug":"howto-pirate","status":"publish","type":"page","link":"https:\/\/blogs.piratech.de\/spandau\/willkommen-bei-der-piratenpartei-spandau\/howto-pirate\/","title":{"rendered":"HowTo Pirate?"},"content":{"rendered":"<p style=\"text-align: justify\"><strong><span style=\"font-weight: normal\">Wir m\u00f6chten uns bei euch, den vielen Neumitgliedern und allen Interessierten daf\u00fcr bedanken, dass ihr mehr \u00fcber uns wissen wollt und hoffen gleichzeitig, noch mehr von euch anzusprechen und zu gewinnen.<\/span><\/strong><\/p>\n<p style=\"text-align: justify\"><strong><span style=\"font-weight: normal\">Da auch wir mal so angefangen haben wie ihr heut, wollen wir euch einen kleinen Leitfaden an die Hand geben, um euch unseren Parteiaufbau und unsere Arbeitsweise verst\u00e4ndlicher r\u00fcberzubringen.<\/span><\/strong><\/p>\n<p style=\"text-align: justify\"><strong><span style=\"font-weight: normal\">Wenn ihr Fragen, Anregungen habt oder uns einfach nur eure Meinung mitteilen m\u00f6chtet, k\u00f6nnt ihr das am Ende via Mail gern tun. Wir freuen uns jedenfalls darauf, von euch zu h\u00f6ren\/ zu lesen.<\/span><\/strong><\/p>\n<p style=\"text-align: justify\"><strong><span style=\"font-weight: normal\">Warum? Das l\u00e4sst sich ganz einfach beantworten. Nur durch die Arbeit mit der Basis und dem W\u00e4hler l\u00e4sst sich herausfinden, wo wir weiter aktiv werden und reagieren m\u00fcssen oder wo wir eventuell umdenken und uns korrigieren m\u00fcssen..<\/span><\/strong><\/p>\n<p style=\"text-align: justify\"><strong><span style=\"font-weight: normal\">Ihr habt uns ins Abgeordnetenhaus und in die BVVen gew\u00e4hlt, uns euer Vertrauen geschenkt und wir sehen es als unsere Aufgabe an, zu beweisen, dass euer Vertrauen in uns gerechtfertigt ist.<\/span><\/strong><\/p>\n<p style=\"text-align: justify\"><strong><span style=\"font-weight: normal\">Nun jedoch endlich zum angek\u00fcndigten Leitfaden f\u00fcr Leichtmatrosen.<\/span><\/strong><\/p>\n<p style=\"text-align: justify\"><strong>Neu: Das Telekolleg &#8211; Videos erkl\u00e4ren die Werkzeuge der Piraten<\/strong><\/p>\n<p style=\"text-align: justify\"><strong><span style=\"font-weight: normal\"><a href=\"http:\/\/flaschenpost.piratenpartei.de\/2012\/03\/02\/piratiges-telekolleg\/\">http:\/\/flaschenpost.piratenpartei.de\/2012\/03\/02\/piratiges-telekolleg\/<\/a><br \/>\n<\/span><\/strong><\/p>\n<p style=\"text-align: justify\"><strong>Leitfaden f\u00fcr Leichtmatrosen oder Getting Started (kopiert von F0o0 aus Pankow und dann ver\u00e4ndert)<\/strong><\/p>\n<p style=\"text-align: justify\">Wir Berliner Piraten organisieren uns lokal in Crews. Dies sind Gruppen, deren Sinn darin besteht, Piraten vor Ort zu treffen, Aktionen zu planen, zu quatschen, und die lokale Gastronomie zu unterst\u00fctzen. Jede Crew hat einen Hafen, einen Kapit\u00e4n, einen Navigator und bis zu 10 Mitglieder. Bei mehr als 10 Mitgliedern teilt sich die Crew i.d.R., da man sich sonst immer so anschreien mu\u00df \ud83d\ude09<\/p>\n<p style=\"text-align: justify\">Jede Crew hat nat\u00fcrlich auch einen Namen. Weiter Informationen dazu im <a href=\"http:\/\/wiki.piratenpartei.de\/Berlin\/Crewkonzept\">Wiki<\/a>. Der ideale Hafen einer Crew hat WLAN, gutes und g\u00fcnstiges Essen und nette Menschen. Ideal w\u00e4re auch ein separater Raucherbereich. Zur Zeit gibt es in Spandau eine <a href=\"http:\/\/wiki.piratenpartei.de\/Berlin\/Crews\/Havelpiraten\">aktive Crew<\/a>.<\/p>\n<p style=\"text-align: justify\">F\u00fcr die Realisierung der Liquid Democracy verwendet die Piratenpartei die Software <a href=\"https:\/\/lqpp.de\/\">Liquid Feedback<\/a>: Mit diesem Tool k\u00f6nnen Antr\u00e4ge eingereicht bzw. generell Stimmungen der Partei festgestellt werden. Jedes Parteimitglied kann Liquid Feedback verwenden und so die politische Ausrichtung der Partei beeinflussen. Gem\u00e4\u00df Satzung der Berliner Piraten sind &#8222;die Organe der Partei angehalten, die Antr\u00e4ge, die im Liquid Democracy System positiv beschieden wurden, vorrangig zu behandeln&#8220;. Weitere Informationen \u00fcber die verwendete Software gibt es <a href=\"http:\/\/de.wikipedia.org\/wiki\/LiquidFeedback\">hier<\/a>.<\/p>\n<p style=\"text-align: justify\">F\u00fcr die thematische Arbeit haben wir die <a href=\"http:\/\/wiki.piratenpartei.de\/BE:Squads\">Squads<\/a>. Eine gute \u00dcbersicht der Squads findet man im Wiki. Wenn dir ein bestimmtes Thema wichtig ist, schau doch, ob es dazu ein Squad gibt. Ist noch keins da, such dir einfach andere Menschen, die auch Lust haben, daran mitzuarbeiten.<\/p>\n<p style=\"text-align: justify\">Die Piraten machen einen Gro\u00dfteil der Arbeit \u00fcber das Wiki. Eine gute \u00dcbersicht der Berliner Wikiseiten findest du auf der Hauptseite des <a href=\"http:\/\/wiki.piratenpartei.de\/BE\">Landesverbands Berlin<\/a>. Dort findest du unter anderem die <a href=\"http:\/\/wiki.piratenpartei.de\/BE:Vorstandssitzung\">Protokolle des Vorstands<\/a>, eine Seite f\u00fcr <a href=\"http:\/\/wiki.piratenpartei.de\/BE:Vorstand\">Antr\u00e4ge an den Vorstand<\/a>, den <a href=\"http:\/\/wiki.piratenpartei.de\/BE:Kalender\">Kalender<\/a>, unser Programm und vieles andere mehr. Du kannst einfach etwas herumst\u00f6bern und sehen, was wir so treiben. Nat\u00fcrlich kannst du dir auch ne <a href=\"http:\/\/wiki.piratenpartei.de\/wiki\/\/index.php?title=Spezial:Anmelden&amp;returnto=Landesverband_Berlin\">eigene Wikiseite<\/a> anlegen.<\/p>\n<p style=\"text-align: justify\">Zur gemeinsamen Arbeit verwenden wir au\u00dferdem das <a href=\"http:\/\/www.piratenpad.de\/\">piratenpad<\/a>. Dort kann unabh\u00e4ngig vom Ort gemeinsam an Texten und Ideen gearbeitet werden. Jede \u00c4nderung im Text ist f\u00fcr alle anderen sichtbar. So k\u00f6nnen zum Beispiel Pressemitteilungen von Piraten in Berlin, Hamburg und Heidenheim (Rufname Dings) gemeinsam erarbeitet werden.<\/p>\n<p style=\"text-align: justify\">Die Kommunikation l\u00e4uft bei uns viel \u00fcber Mailinglisten. Die Spandauer Mailingliste kann man hier <a href=\"https:\/\/service.piratenpartei.de\/listinfo\/berlin-spandau\">abonnieren<\/a>. Es gibt auch <a href=\"https:\/\/service.piratenpartei.de\/listinfo\">Crew-Mailinglisten, Mailinglisten der Squads, AGs, der Landesverb\u00e4nde und Bezirke<\/a>. Jede Mail, die ein Teilnehmer an die Liste schreibt, wird allen anderen Abonneneten der Liste zugestellt. Daher kann das Mailaufkommen bei manchen Mailinglisten sehr hoch sein.<\/p>\n<div style=\"text-align: justify\">Au\u00dferdem l\u00e4uft ein gro\u00dfer Teil unserer Kommunikation \u00fcber <a href=\"http:\/\/twitter.com\">Twitter<\/a>. Bei Twitter kann man Nachrichten anderer Menschen lesen und entscheidet im Gegensatz zu Mailinglisten selbst, wessen Nachrichten man abonniert. Da die maximale Zeichenanzahl bei Twitter auf 140 Zeichen begrenzt ist, ist es ein sehr schnelles Medium, um Informationen, Links und Fotos zu verbreiten. Manche Leute schreiben dort, was sie grad machen, berichten von Veranstaltungen, auf denen sie sind, fragen andere, wenn sie was wissen wollen. Einige schreiben auch regelm\u00e4\u00dfig viel unsinniges, aber sehr lustiges Zeug. Viele Piraten haben ihren Twitter-Nickname auf ihrer Wikiseite verlinkt.<\/div>\n<div style=\"text-align: justify\">Und sonst gibt es von @rka eine ganz gute <a href=\"http:\/\/twitter.com\/rka\/berlinpiraten\">Liste<\/a>, also eine Zusammenstellung von Berliner Piraten die Twitter nutzen: Von F0O0 gibt es ne <a href=\"http:\/\/twitter.com\/F0O0\/AH\">Liste der Abgeordneten<\/a> und eine Liste der Bezirksverordneten.<\/div>\n<p style=\"text-align: justify\">Die Arbeit der Abgeordnetenhausfraktion der Piraten wird von uns auf <a href=\"http:\/\/www.piratenfraktion-berlin.de\/\">piratenfraktion-berlin.de<\/a> ver\u00f6ffentlicht. F\u00fcr die Dokumentation der Bezirksverordneten werden in K\u00fcrze \u00e4hnliche Seiten entstehen. Diese werden wir dann auf unseren Webseiten ver\u00f6ffentlichen.<\/p>\n<p style=\"text-align: justify\"><strong>Weitere Quellen<\/strong><\/p>\n<ul>\n<li>Die Newcomer Seite im Wiki der Piratenpartei: <a href=\"http:\/\/wiki.piratenpartei.de\/Newcomer_Page\">http:\/\/wiki.piratenpartei.de\/Newcomer_Page<\/a><\/li>\n<li>HowTo Pirate im Rhein-Pfalz-Kreis: <a href=\"https:\/\/wiki.piratenpartei.de\/RP:Kreisverband_Rhein-Pfalz\/Howto\" target=\"_top\">https:\/\/wiki.piratenpartei.de\/RP:Kreisverband_Rhein-Pfalz\/Howto<\/a><\/li>\n<li>Tools in der Piratenpartei (PDF):\u00a0<a href=\"https:\/\/wiki.piratenpartei.de\/wiki\/images\/0\/00\/Tools_in_der_Piratenpartei-Bezirksverband_Schwaben.pdf\">https:\/\/wiki.piratenpartei.de\/wiki\/images\/0\/00\/Tools_in_der_Piratenpartei-Bezirksverband_Schwaben.pdf<\/a><\/li>\n<li>Auch eine sch\u00f6ne \u00dcbersicht der Werkzeuge: <a href=\"http:\/\/rlpweb.piratentools.org\/Unsere_Werkzeuge.html\">http:\/\/rlpweb.piratentools.org\/Unsere_Werkzeuge.html<\/a><\/li>\n<li><a href=\"http:\/\/upuetz.piraten.ac\/files\/2012\/04\/Kleiner_Leitfaden_neue_Piraten3.pdf\">Piraten Leitfaden v3 aus NRW<\/a><\/li>\n<li><a href=\"http:\/\/wiki.piratenpartei.de\/Basix\/M%C3%BCnchen\/Piraten_Tools\">Tool-Doku der Piraten M\u00fcnchen<\/a><\/li>\n<\/ul>\n<p style=\"text-align: justify\"><strong>Kontakt zu den Spandauer Piraten<\/strong><\/p>\n<p style=\"text-align: justify\">Wenn ihr weitere Fragen an uns habt, k\u00f6nnt ihr uns gerne auch \u00fcber das folgende Kontaktformular eine Nachricht zukommen lassen.<\/p>\n<p style=\"text-align: justify\">[contact-form-7 id=&#8220;42&#8243; title=&#8220;Kontakt zu den Spandauer Piraten&#8220;]<\/p>\n","protected":false},"excerpt":{"rendered":"<p style=\"text-align: justify\"><strong>Wir m\u00f6chten uns bei euch, den vielen Neumitgliedern und allen Interessierten daf\u00fcr bedanken, dass ihr mehr \u00fcber uns wissen wollt und hoffen gleichzeitig, noch mehr von euch anzusprechen und zu gewinnen.<\/strong><\/p>\n<p style=\"text-align: justify\"><strong>Da auch wir mal so angefangen haben wie ihr heut, wollen wir euch einen kleinen Leitfaden an die Hand geben, um euch unseren Parteiaufbau und [&#8230;]<\/p>\n","protected":false},"author":73,"featured_media":0,"parent":30,"menu_order":30,"comment_status":"closed","ping_status":"closed","template":"","meta":{"footnotes":""},"class_list":["post-36","page","type-page","status-publish","hentry"],"_links":{"self":[{"href":"https:\/\/blogs.piratech.de\/spandau\/wp-json\/wp\/v2\/pages\/36","targetHints":{"allow":["GET"]}}],"collection":[{"href":"https:\/\/blogs.piratech.de\/spandau\/wp-json\/wp\/v2\/pages"}],"about":[{"href":"https:\/\/blogs.piratech.de\/spandau\/wp-json\/wp\/v2\/types\/page"}],"author":[{"embeddable":true,"href":"https:\/\/blogs.piratech.de\/spandau\/wp-json\/wp\/v2\/users\/73"}],"replies":[{"embeddable":true,"href":"https:\/\/blogs.piratech.de\/spandau\/wp-json\/wp\/v2\/comments?post=36"}],"version-history":[{"count":0,"href":"https:\/\/blogs.piratech.de\/spandau\/wp-json\/wp\/v2\/pages\/36\/revisions"}],"up":[{"embeddable":true,"href":"https:\/\/blogs.piratech.de\/spandau\/wp-json\/wp\/v2\/pages\/30"}],"wp:attachment":[{"href":"https:\/\/blogs.piratech.de\/spandau\/wp-json\/wp\/v2\/media?parent=36"}],"curies":[{"name":"wp","href":"https:\/\/api.w.org\/{rel}","templated":true}]}}