{"id":30,"date":"2011-09-12T22:19:31","date_gmt":"2011-09-12T21:19:31","guid":{"rendered":"http:\/\/piraten-spandau.de\/?page_id=30"},"modified":"2020-02-18T15:35:08","modified_gmt":"2020-02-18T15:35:08","slug":"willkommen-bei-der-piratenpartei-spandau","status":"publish","type":"page","link":"https:\/\/blogs.piratech.de\/spandau\/willkommen-bei-der-piratenpartei-spandau\/","title":{"rendered":"Mitmachen!"},"content":{"rendered":"<p style=\"text-align: justify\">Wer bei den Piraten in Spandau mitmachen m\u00f6chte muss vor allem eines k\u00f6nnen: Kommunizieren. Die Spandauer Piraten haben eine Reihe von Kommunikationskan\u00e4len aufgebaut, die auch regelm\u00e4\u00dfig verwendet werden.<\/p>\n<p style=\"text-align: justify\"><strong>Kommunikationskan\u00e4le<\/strong><\/p>\n<ul>\n<li style=\"text-align: justify\">\n<div style=\"text-align: left\">Web-Site des Bezirks Spandau:<\/div>\n<div style=\"text-align: left\">\u00a0<\/div>\n<div style=\"text-align: center\"><a title=\"http:\/\/www.piratenpartei-spandau.de\/\" href=\"http:\/\/www.piratenpartei-spandau.de\/\" target=\"_blank\" rel=\"noopener noreferrer\">http:\/\/www.piratenpartei-spandau.de\/<\/a><\/div>\n<div style=\"text-align: left\">\u00a0<\/div>\n<div style=\"text-align: left\">Eigentlich der Dreh- und Angelpunkt im Bezirk, allgemeine Ank\u00fcndigungen, Berichte, Termine, Anleitungen f\u00fcr Einsteiger.<\/div>\n<\/li>\n<li style=\"text-align: left\">Facebook-Profil der Piraten Fraktion in der BVV Spandau: <a title=\"http:\/\/www.facebook.com\/PiratenfraktionSpandau\" href=\"http:\/\/www.facebook.com\/PiratenfraktionSpandau\" target=\"_blank\" rel=\"noopener noreferrer\">http:\/\/www.facebook.com\/PiratenfraktionSpandau<\/a><\/li>\n<li style=\"text-align: left\">Wiki-Seite des Bezirks Spandau: <a title=\"http:\/\/wiki.piratenpartei.de\/BE:Spandau\" href=\"http:\/\/wiki.piratenpartei.de\/BE:Spandau\" target=\"_blank\" rel=\"noopener noreferrer\">http:\/\/wiki.piratenpartei.de\/BE:Spandau<\/a><\/li>\n<li style=\"text-align: left\">Wiki-Seite der Spandauer BVV Fraktion: <a title=\"http:\/\/wiki.piratenpartei.de\/BE:Spandau\/BVV\" href=\"http:\/\/wiki.piratenpartei.de\/BE:Spandau\/BVV\" target=\"_blank\" rel=\"noopener noreferrer\">http:\/\/wiki.piratenpartei.de\/BE:Spandau\/BVV<\/a><\/li>\n<li style=\"text-align: justify\">\n<div style=\"text-align: left\">Wiki-Seite der Crew Havelpiraten: <a href=\"http:\/\/wiki.piratenpartei.de\/BE:Crews\/Havelpiraten\" target=\"_blank\" rel=\"noopener noreferrer\">http:\/\/wiki.piratenpartei.de\/BE:Crews\/Havelpiraten<\/a><\/div>\n<\/li>\n<li style=\"text-align: left\">Mailingliste des Bezirks Spandau: <a href=\"https:\/\/lists.piratenpartei.de\/sympa\/info\/berlin-spandau\">https:\/\/lists.piratenpartei.de\/sympa\/info\/berlin-spandau<\/a><\/li>\n<li style=\"text-align: left\">Jabber Konferenz-Raum: Server: jabber.ccc.de, Raum: spahapi@conference.jabber.ccc.de<\/li>\n<\/ul>\n<p><strong>Streams von Sitzungen<\/strong><\/p>\n<ul>\n<li>Aus Fraktionssitzungen i.d.R <a title=\"FraSi\" href=\"http:\/\/stream.piraten-fraktion-spandau.de:8000\/frasi.ogg\" target=\"_blank\" rel=\"noopener noreferrer\">http:\/\/stream.piraten-fraktion-spandau.de:8000\/frasi.ogg<\/a><\/li>\n<li>Bei CrewTreffen i.d.R <a title=\"FraSi\" href=\"http:\/\/stream.piraten-fraktion-spandau.de:8000\/crew.ogg\" target=\"_blank\" rel=\"noopener noreferrer\">http:\/\/stream.piraten-fraktion-spandau.de:8000\/crew.ogg<\/a><\/li>\n<li>aus der UTA <a title=\"http:\/\/stream.piraten-fraktion-spandau.de:8000\/uta.ogg\" href=\"http:\/\/stream.piraten-fraktion-spandau.de:8000\/uta.ogg\" target=\"_blank\" rel=\"noopener noreferrer\">http:\/\/stream.piraten-fraktion-spandau.de:8000\/uta.ogg<\/a><\/li>\n<\/ul>\n<p style=\"text-align: left\"><strong>Crew(s)<\/strong><\/p>\n<p style=\"text-align: justify\">Die Piratenpartei wird in Spandau durch sogenannte Crews repr\u00e4sentiert. Hier findet ihr eine Liste der <a title=\"Spandauer Crews\" href=\"http:\/\/piraten-spandau.de\/crews\/\">Spandauer Crews<\/a>.<\/p>\n<p style=\"text-align: justify\">Wenn du erkannt hast, dass du ein Pirat mit Leib und Seele bist, kannst du <a href=\"https:\/\/www.piratenpartei.berlin\/mitmachen\/online-mitgliedsantrag\/\" target=\"_blank\" rel=\"noopener noreferrer\">Mitglied im Landesverband Berlin werden<\/a>.<\/p>\n\n\n<p><\/p>\n","protected":false},"excerpt":{"rendered":"<p style=\"text-align: justify\">Wer bei den Piraten in Spandau mitmachen m\u00f6chte muss vor allem eines k\u00f6nnen: Kommunizieren. Die Spandauer Piraten haben eine Reihe von Kommunikationskan\u00e4len aufgebaut, die auch regelm\u00e4\u00dfig verwendet werden.<\/p>\n<p style=\"text-align: justify\"><strong>Kommunikationskan\u00e4le<\/strong><\/p>\n<ul>\n<li style=\"text-align: justify\"> Web-Site des Bezirks Spandau: \u00a0 <a title=\"http:\/\/www.piratenpartei-spandau.de\/\" href=\"http:\/\/www.piratenpartei-spandau.de\/\" target=\"_blank\" rel=\"noopener noreferrer\">http:\/\/www.piratenpartei-spandau.de\/<\/a> \u00a0 Eigentlich der Dreh- und Angelpunkt im Bezirk, allgemeine Ank\u00fcndigungen, Berichte, Termine, [&#8230;]<br \/>\n","protected":false},"author":73,"featured_media":0,"parent":0,"menu_order":10,"comment_status":"open","ping_status":"closed","template":"","meta":{"footnotes":""},"class_list":["post-30","page","type-page","status-publish","hentry"],"_links":{"self":[{"href":"https:\/\/blogs.piratech.de\/spandau\/wp-json\/wp\/v2\/pages\/30","targetHints":{"allow":["GET"]}}],"collection":[{"href":"https:\/\/blogs.piratech.de\/spandau\/wp-json\/wp\/v2\/pages"}],"about":[{"href":"https:\/\/blogs.piratech.de\/spandau\/wp-json\/wp\/v2\/types\/page"}],"author":[{"embeddable":true,"href":"https:\/\/blogs.piratech.de\/spandau\/wp-json\/wp\/v2\/users\/73"}],"replies":[{"embeddable":true,"href":"https:\/\/blogs.piratech.de\/spandau\/wp-json\/wp\/v2\/comments?post=30"}],"version-history":[{"count":3,"href":"https:\/\/blogs.piratech.de\/spandau\/wp-json\/wp\/v2\/pages\/30\/revisions"}],"predecessor-version":[{"id":13529,"href":"https:\/\/blogs.piratech.de\/spandau\/wp-json\/wp\/v2\/pages\/30\/revisions\/13529"}],"wp:attachment":[{"href":"https:\/\/blogs.piratech.de\/spandau\/wp-json\/wp\/v2\/media?parent=30"}],"curies":[{"name":"wp","href":"https:\/\/api.w.org\/{rel}","templated":true}]}}