{"id":206,"date":"2011-12-09T09:38:12","date_gmt":"2011-12-09T08:38:12","guid":{"rendered":"http:\/\/piraten-spandau.de\/?page_id=206"},"modified":"2020-02-18T15:48:17","modified_gmt":"2020-02-18T15:48:17","slug":"lqfb","status":"publish","type":"page","link":"https:\/\/blogs.piratech.de\/spandau\/willkommen-bei-der-piratenpartei-spandau\/lqfb\/","title":{"rendered":"LiquidFeedback"},"content":{"rendered":"<p style=\"text-align: justify\">Unter <strong>Liquid Democracy<\/strong> versteht man eine Mischform zwischen indirekter und direkter Demokratie. W\u00e4hrend bei indirekter Demokratie ein Delegierter zur Vertretung der eigenen Interessen bestimmt wird und bei direkter Demokratie alle Interessen selbst wahrgenommen werden m\u00fcssen, ergibt sich bei <em>Liquid<\/em>Democracy ein <em>flie\u00dfender<\/em> \u00dcbergang zwischen direkter und indirekter Demokratie. Jeder Teilnehmer kann selbst entscheiden, wie weit er seine eigenen Interessen wahrnehmen will, oder wie weit er von Anderen vertreten werden m\u00f6chte. Insbesondere kann der Delegat jederzeit sein dem Delegierten \u00fcbertragenes Stimmrecht zur\u00fcckfordern, und muss hierzu nicht bis zu einer neuen Wahlperiode warten. Es ergibt sich somit ein st\u00e4ndig im Fluss befindliches Netzwerk von Delegationen.<\/p>\n<p style=\"text-align: justify\">Der Landesverband Berlin setzt seit Anfang 2010 die Software <a href=\"http:\/\/liquidfeedback.org\/projekt\/\" rel=\"nofollow\">LiquidFeedback<\/a> zur innerparteilichen Entscheidungsfindung ein.<\/p>\n<div style=\"text-align: justify\"><a title=\"lqfb LV Berlin\" href=\"https:\/\/lqfb.piratenpartei.berlin\/\" target=\"_blank\" rel=\"noopener noreferrer\">LiquidFeedback Instanz des LV Berlin<\/a><\/div>\n","protected":false},"excerpt":{"rendered":"<p style=\"text-align: justify\">Unter <strong>Liquid Democracy<\/strong> versteht man eine Mischform zwischen indirekter und direkter Demokratie. W\u00e4hrend bei indirekter Demokratie ein Delegierter zur Vertretung der eigenen Interessen bestimmt wird und bei direkter Demokratie alle Interessen selbst wahrgenommen werden m\u00fcssen, ergibt sich bei LiquidDemocracy ein flie\u00dfender \u00dcbergang zwischen direkter und indirekter Demokratie. Jeder Teilnehmer kann selbst entscheiden, wie weit er seine eigenen Interessen [&#8230;]<\/p>\n","protected":false},"author":73,"featured_media":0,"parent":30,"menu_order":90,"comment_status":"open","ping_status":"open","template":"","meta":{"footnotes":""},"class_list":["post-206","page","type-page","status-publish","hentry"],"_links":{"self":[{"href":"https:\/\/blogs.piratech.de\/spandau\/wp-json\/wp\/v2\/pages\/206","targetHints":{"allow":["GET"]}}],"collection":[{"href":"https:\/\/blogs.piratech.de\/spandau\/wp-json\/wp\/v2\/pages"}],"about":[{"href":"https:\/\/blogs.piratech.de\/spandau\/wp-json\/wp\/v2\/types\/page"}],"author":[{"embeddable":true,"href":"https:\/\/blogs.piratech.de\/spandau\/wp-json\/wp\/v2\/users\/73"}],"replies":[{"embeddable":true,"href":"https:\/\/blogs.piratech.de\/spandau\/wp-json\/wp\/v2\/comments?post=206"}],"version-history":[{"count":1,"href":"https:\/\/blogs.piratech.de\/spandau\/wp-json\/wp\/v2\/pages\/206\/revisions"}],"predecessor-version":[{"id":13530,"href":"https:\/\/blogs.piratech.de\/spandau\/wp-json\/wp\/v2\/pages\/206\/revisions\/13530"}],"up":[{"embeddable":true,"href":"https:\/\/blogs.piratech.de\/spandau\/wp-json\/wp\/v2\/pages\/30"}],"wp:attachment":[{"href":"https:\/\/blogs.piratech.de\/spandau\/wp-json\/wp\/v2\/media?parent=206"}],"curies":[{"name":"wp","href":"https:\/\/api.w.org\/{rel}","templated":true}]}}