{"id":18,"date":"2011-09-05T23:34:02","date_gmt":"2011-09-05T22:34:02","guid":{"rendered":"http:\/\/piraten-spandau.de\/?page_id=18"},"modified":"2011-09-05T23:34:02","modified_gmt":"2011-09-05T22:34:02","slug":"liederbucher-fur-kitas","status":"publish","type":"page","link":"https:\/\/blogs.piratech.de\/spandau\/willkommen-bei-der-piratenpartei-spandau\/liederbucher-fur-kitas\/","title":{"rendered":"Liederb\u00fccher"},"content":{"rendered":"<p>Weitere Informationen zu den gemeinfreien Liederb\u00fcchern f\u00fcr KiTa&#8217;s findet ihr in unserem Wiki:<\/p>\n<p><a href=\"http:\/\/wiki.piratenpartei.de\/BE:Spandau\/Liederb%C3%BCcher\" target=\"_blank\">http:\/\/wiki.piratenpartei.de\/BE:Spandau\/Liederb%C3%BCcher<\/a><\/p>\n","protected":false},"excerpt":{"rendered":"<p>Weitere Informationen zu den gemeinfreien Liederb\u00fcchern f\u00fcr KiTa&#8217;s findet ihr in unserem Wiki:<\/p>\n<p><a href=\"http:\/\/wiki.piratenpartei.de\/BE:Spandau\/Liederb%C3%BCcher\" target=\"_blank\">http:\/\/wiki.piratenpartei.de\/BE:Spandau\/Liederb%C3%BCcher<\/a><\/p>\n","protected":false},"author":73,"featured_media":0,"parent":30,"menu_order":40,"comment_status":"open","ping_status":"closed","template":"","meta":{"footnotes":""},"class_list":["post-18","page","type-page","status-publish","hentry"],"_links":{"self":[{"href":"https:\/\/blogs.piratech.de\/spandau\/wp-json\/wp\/v2\/pages\/18","targetHints":{"allow":["GET"]}}],"collection":[{"href":"https:\/\/blogs.piratech.de\/spandau\/wp-json\/wp\/v2\/pages"}],"about":[{"href":"https:\/\/blogs.piratech.de\/spandau\/wp-json\/wp\/v2\/types\/page"}],"author":[{"embeddable":true,"href":"https:\/\/blogs.piratech.de\/spandau\/wp-json\/wp\/v2\/users\/73"}],"replies":[{"embeddable":true,"href":"https:\/\/blogs.piratech.de\/spandau\/wp-json\/wp\/v2\/comments?post=18"}],"version-history":[{"count":0,"href":"https:\/\/blogs.piratech.de\/spandau\/wp-json\/wp\/v2\/pages\/18\/revisions"}],"up":[{"embeddable":true,"href":"https:\/\/blogs.piratech.de\/spandau\/wp-json\/wp\/v2\/pages\/30"}],"wp:attachment":[{"href":"https:\/\/blogs.piratech.de\/spandau\/wp-json\/wp\/v2\/media?parent=18"}],"curies":[{"name":"wp","href":"https:\/\/api.w.org\/{rel}","templated":true}]}}