{"id":13535,"date":"2020-02-18T17:05:49","date_gmt":"2020-02-18T17:05:49","guid":{"rendered":"http:\/\/blogs.piratech.de\/spandau\/?page_id=13535"},"modified":"2020-02-18T17:10:38","modified_gmt":"2020-02-18T17:10:38","slug":"mein-lehrer-wehrt-sich","status":"publish","type":"page","link":"https:\/\/blogs.piratech.de\/spandau\/willkommen-bei-der-piratenpartei-spandau\/mein-lehrer-wehrt-sich\/","title":{"rendered":"Mein Lehrer wehrt sich\/"},"content":{"rendered":"\n<p>Auch wenn die AFD Fraktion in Berlin das Meldeportal wieder offline genommen hat ist es immer noch m\u00f6glich angebliche Verst\u00f6\u00dfe zu melden. <\/p>\n\n\n\n<p>Aufgrund dessen wollen wir Spandauer Piraten euch auf eine Aktion der Piraten-BW hinweisen und euch zeigen wie ihr euch wehren k\u00f6nnt. <\/p>\n\n\n\n<figure class=\"wp-block-embed-wordpress wp-block-embed is-type-wp-embed is-provider-piratenpartei-baden-wurttemberg\"><div class=\"wp-block-embed__wrapper\">\nhttps:\/\/piratenpartei-bw.de\/mein-lehrer-wehrt-sich\/\n<\/div><\/figure>\n\n\n\n<p><\/p>\n","protected":false},"excerpt":{"rendered":"<p>Auch wenn die AFD Fraktion in Berlin das Meldeportal wieder offline genommen hat ist es immer noch m\u00f6glich angebliche Verst\u00f6\u00dfe zu melden. <\/p>\n<p>Aufgrund dessen wollen wir Spandauer Piraten euch auf eine Aktion der Piraten-BW hinweisen und euch zeigen wie ihr euch wehren k\u00f6nnt. <\/p>\n<p> https:\/\/piratenpartei-bw.de\/mein-lehrer-wehrt-sich\/ <\/p>\n","protected":false},"author":118,"featured_media":0,"parent":30,"menu_order":1,"comment_status":"open","ping_status":"closed","template":"","meta":{"footnotes":""},"class_list":["post-13535","page","type-page","status-publish","hentry"],"_links":{"self":[{"href":"https:\/\/blogs.piratech.de\/spandau\/wp-json\/wp\/v2\/pages\/13535","targetHints":{"allow":["GET"]}}],"collection":[{"href":"https:\/\/blogs.piratech.de\/spandau\/wp-json\/wp\/v2\/pages"}],"about":[{"href":"https:\/\/blogs.piratech.de\/spandau\/wp-json\/wp\/v2\/types\/page"}],"author":[{"embeddable":true,"href":"https:\/\/blogs.piratech.de\/spandau\/wp-json\/wp\/v2\/users\/118"}],"replies":[{"embeddable":true,"href":"https:\/\/blogs.piratech.de\/spandau\/wp-json\/wp\/v2\/comments?post=13535"}],"version-history":[{"count":3,"href":"https:\/\/blogs.piratech.de\/spandau\/wp-json\/wp\/v2\/pages\/13535\/revisions"}],"predecessor-version":[{"id":13538,"href":"https:\/\/blogs.piratech.de\/spandau\/wp-json\/wp\/v2\/pages\/13535\/revisions\/13538"}],"up":[{"embeddable":true,"href":"https:\/\/blogs.piratech.de\/spandau\/wp-json\/wp\/v2\/pages\/30"}],"wp:attachment":[{"href":"https:\/\/blogs.piratech.de\/spandau\/wp-json\/wp\/v2\/media?parent=13535"}],"curies":[{"name":"wp","href":"https:\/\/api.w.org\/{rel}","templated":true}]}}