{"id":32,"date":"2015-04-15T17:21:31","date_gmt":"2015-04-15T15:21:31","guid":{"rendered":"http:\/\/piraten-neukoelln.de\/?page_id=32"},"modified":"2016-08-12T19:43:22","modified_gmt":"2016-08-12T17:43:22","slug":"impressum","status":"publish","type":"page","link":"https:\/\/blogs.piratech.de\/neukoelln\/impressum\/","title":{"rendered":"Impressum"},"content":{"rendered":"<p><strong> http:\/\/piraten-neukoelln.landesgeschaeftsstelle.de\/ wird betrieben von<\/strong><\/p>\n<blockquote>\n<address>Piratenpartei Deutschland Berlin (PIRATEN)<br \/>\nPflugstra\u00dfe 9a<br \/>\n10115 Berlin (Mitte)<\/address>\n<\/blockquote>\n<p>Inhaltlich Verantwortlicher gem\u00e4\u00df <strong>\u00a7 5 Abs. 1 TMG und \u00a7 55 Abs. 2 RStV<\/strong>:\u00a0Bruno Kramm (Anschrift wie oben)<\/p>\n<p>Haftungshinweis: Trotz sorgf\u00e4ltiger inhaltlicher Kontrolle \u00fcbernehmen wir keine Haftung f\u00fcr die Inhalte externer Links. F\u00fcr den Inhalt der verlinkten Seiten sind ausschlie\u00dflich deren Betreiber verantwortlich.<\/p>\n<p>Die Piraten Berlin sind wie folgt zu erreichen:<\/p>\n<ul>\n<li><strong>Anfragen per E-Mail <\/strong><a title=\"EMail\" href=\"mailto:vorstand@berlin.piratenpartei.de\" target=\"_blank\"><strong>vorstand [at] berlin [punkt] piratenpartei [punkt] de<\/strong><\/a><\/li>\n<li><strong>Anfragen Postweg<\/strong><br \/>\n<address>Piratenpartei Berlin<br \/>\nPflugstra\u00dfe 9a<br \/>\n10115 Berlin (Mitte)<br \/>\nTelefon 030 60982288-0<br \/>\nFax 030 60982288-9<\/address>\n<\/li>\n<\/ul>\n<p>&nbsp;<\/p>\n<p>Du m\u00f6chtest an die Piraten in Neuk\u00f6lln <strong>spenden<\/strong>?<\/p>\n<table>\n<tbody>\n<tr>\n<td>Bank:<\/td>\n<td>GLS Bank<\/td>\n<\/tr>\n<tr>\n<td>Kontoinhaber:<\/td>\n<td>Piratenpartei LV Berlin<\/td>\n<\/tr>\n<tr>\n<td>Kontonummer:<\/td>\n<td>1103713209<\/td>\n<\/tr>\n<tr>\n<td>Bankleitzahl:<\/td>\n<td>43060967<\/td>\n<\/tr>\n<tr>\n<td>IBAN \/ BIC:<\/td>\n<td>\u00a0DE04430609671103713209 \/ GENODEM1GLS<\/td>\n<\/tr>\n<tr>\n<td>Verwendungszweck<\/td>\n<td>&lt;Name&gt; &lt;Mitgliedsnummer&gt; Spende Bezirk Neukoelln<\/td>\n<\/tr>\n<tr>\n<td colspan=\"2\"><em><strong>Hinweis:<\/strong> F\u00fcr die Erstellung einer Spendenquittung muss im Verwendungszweck der Name und Mitgliedsnummer enthalten sein, bzw. bei Nichtmitgliedern die vollst\u00e4ndige Adresse.<\/em><\/td>\n<\/tr>\n<\/tbody>\n<\/table>\n<p>&nbsp;<\/p>\n","protected":false},"excerpt":{"rendered":"<p><strong> http:\/\/piraten-neukoelln.landesgeschaeftsstelle.de\/ wird betrieben von<\/strong><\/p>\n<blockquote><p> Piratenpartei Deutschland Berlin (PIRATEN)<br \/> Pflugstra\u00dfe 9a<br \/> 10115 Berlin (Mitte) <\/p><\/blockquote>\n<p>Inhaltlich Verantwortlicher gem\u00e4\u00df <strong>\u00a7 5 Abs. 1 TMG und \u00a7 55 Abs. 2 RStV<\/strong>:\u00a0Bruno Kramm (Anschrift wie oben)<\/p>\n<p>Haftungshinweis: Trotz sorgf\u00e4ltiger inhaltlicher Kontrolle \u00fcbernehmen wir keine Haftung f\u00fcr die Inhalte externer Links. F\u00fcr den Inhalt der verlinkten Seiten sind ausschlie\u00dflich deren Betreiber [&#8230;]<\/p>\n","protected":false},"author":104,"featured_media":0,"parent":0,"menu_order":0,"comment_status":"open","ping_status":"open","template":"","meta":{"footnotes":""},"class_list":["post-32","page","type-page","status-publish","hentry"],"_links":{"self":[{"href":"https:\/\/blogs.piratech.de\/neukoelln\/wp-json\/wp\/v2\/pages\/32","targetHints":{"allow":["GET"]}}],"collection":[{"href":"https:\/\/blogs.piratech.de\/neukoelln\/wp-json\/wp\/v2\/pages"}],"about":[{"href":"https:\/\/blogs.piratech.de\/neukoelln\/wp-json\/wp\/v2\/types\/page"}],"author":[{"embeddable":true,"href":"https:\/\/blogs.piratech.de\/neukoelln\/wp-json\/wp\/v2\/users\/104"}],"replies":[{"embeddable":true,"href":"https:\/\/blogs.piratech.de\/neukoelln\/wp-json\/wp\/v2\/comments?post=32"}],"version-history":[{"count":2,"href":"https:\/\/blogs.piratech.de\/neukoelln\/wp-json\/wp\/v2\/pages\/32\/revisions"}],"predecessor-version":[{"id":126,"href":"https:\/\/blogs.piratech.de\/neukoelln\/wp-json\/wp\/v2\/pages\/32\/revisions\/126"}],"wp:attachment":[{"href":"https:\/\/blogs.piratech.de\/neukoelln\/wp-json\/wp\/v2\/media?parent=32"}],"curies":[{"name":"wp","href":"https:\/\/api.w.org\/{rel}","templated":true}]}}