{"id":14,"date":"2015-02-27T10:13:20","date_gmt":"2015-02-27T08:13:20","guid":{"rendered":"http:\/\/piraten-neukoelln.de\/?page_id=14"},"modified":"2015-02-27T10:13:20","modified_gmt":"2015-02-27T08:13:20","slug":"passwort-zuruecksetzen","status":"publish","type":"page","link":"https:\/\/blogs.piratech.de\/neukoelln\/registrierung\/passwort-zuruecksetzen\/","title":{"rendered":"Passwort zur\u00fccksetzen"},"content":{"rendered":"<p>Du musst dein passwort zur\u00fcck setzen? Bittesch\u00f6n!<br \/>\n[wppb-recover-password]<\/p>\n","protected":false},"excerpt":{"rendered":"<p>Du musst dein passwort zur\u00fcck setzen? Bittesch\u00f6n!<br \/> [wppb-recover-password]<\/p>\n","protected":false},"author":104,"featured_media":0,"parent":10,"menu_order":0,"comment_status":"open","ping_status":"open","template":"page-full.php","meta":{"footnotes":""},"class_list":["post-14","page","type-page","status-publish","hentry"],"_links":{"self":[{"href":"https:\/\/blogs.piratech.de\/neukoelln\/wp-json\/wp\/v2\/pages\/14","targetHints":{"allow":["GET"]}}],"collection":[{"href":"https:\/\/blogs.piratech.de\/neukoelln\/wp-json\/wp\/v2\/pages"}],"about":[{"href":"https:\/\/blogs.piratech.de\/neukoelln\/wp-json\/wp\/v2\/types\/page"}],"author":[{"embeddable":true,"href":"https:\/\/blogs.piratech.de\/neukoelln\/wp-json\/wp\/v2\/users\/104"}],"replies":[{"embeddable":true,"href":"https:\/\/blogs.piratech.de\/neukoelln\/wp-json\/wp\/v2\/comments?post=14"}],"version-history":[{"count":0,"href":"https:\/\/blogs.piratech.de\/neukoelln\/wp-json\/wp\/v2\/pages\/14\/revisions"}],"up":[{"embeddable":true,"href":"https:\/\/blogs.piratech.de\/neukoelln\/wp-json\/wp\/v2\/pages\/10"}],"wp:attachment":[{"href":"https:\/\/blogs.piratech.de\/neukoelln\/wp-json\/wp\/v2\/media?parent=14"}],"curies":[{"name":"wp","href":"https:\/\/api.w.org\/{rel}","templated":true}]}}