{"id":12,"date":"2015-02-27T10:05:08","date_gmt":"2015-02-27T08:05:08","guid":{"rendered":"http:\/\/piraten-neukoelln.de\/?page_id=12"},"modified":"2015-02-27T10:05:08","modified_gmt":"2015-02-27T08:05:08","slug":"email-ueberpruefung","status":"publish","type":"page","link":"https:\/\/blogs.piratech.de\/neukoelln\/registrierung\/email-ueberpruefung\/","title":{"rendered":"EMAIL \u00dcberpr\u00fcfung"},"content":{"rendered":"<p>Danke hiermit hast Du deine Mailadresse best\u00e4tigt der Administrator wird dich nun freischalten.<\/p>\n","protected":false},"excerpt":{"rendered":"<p>Danke hiermit hast Du deine Mailadresse best\u00e4tigt der Administrator wird dich nun freischalten.<\/p>\n","protected":false},"author":104,"featured_media":0,"parent":10,"menu_order":0,"comment_status":"open","ping_status":"open","template":"page-full.php","meta":{"footnotes":""},"class_list":["post-12","page","type-page","status-publish","hentry"],"_links":{"self":[{"href":"https:\/\/blogs.piratech.de\/neukoelln\/wp-json\/wp\/v2\/pages\/12","targetHints":{"allow":["GET"]}}],"collection":[{"href":"https:\/\/blogs.piratech.de\/neukoelln\/wp-json\/wp\/v2\/pages"}],"about":[{"href":"https:\/\/blogs.piratech.de\/neukoelln\/wp-json\/wp\/v2\/types\/page"}],"author":[{"embeddable":true,"href":"https:\/\/blogs.piratech.de\/neukoelln\/wp-json\/wp\/v2\/users\/104"}],"replies":[{"embeddable":true,"href":"https:\/\/blogs.piratech.de\/neukoelln\/wp-json\/wp\/v2\/comments?post=12"}],"version-history":[{"count":0,"href":"https:\/\/blogs.piratech.de\/neukoelln\/wp-json\/wp\/v2\/pages\/12\/revisions"}],"up":[{"embeddable":true,"href":"https:\/\/blogs.piratech.de\/neukoelln\/wp-json\/wp\/v2\/pages\/10"}],"wp:attachment":[{"href":"https:\/\/blogs.piratech.de\/neukoelln\/wp-json\/wp\/v2\/media?parent=12"}],"curies":[{"name":"wp","href":"https:\/\/api.w.org\/{rel}","templated":true}]}}