{"id":6,"date":"2021-06-10T01:31:17","date_gmt":"2021-06-09T23:31:17","guid":{"rendered":"https:\/\/blogs.piratech.de\/charlottenburg-wilmersdorf\/?page_id=6"},"modified":"2021-06-10T01:31:18","modified_gmt":"2021-06-09T23:31:18","slug":"impressum","status":"publish","type":"page","link":"https:\/\/blogs.piratech.de\/charlottenburg-wilmersdorf\/impressum\/","title":{"rendered":"Impressum"},"content":{"rendered":"\n<h2 class=\"wp-block-heading\"><strong>Anfragen per E-Mail<\/strong><\/h2>\n\n\n\n<p><strong><a href=\"mailto:vorstand@berlin.piratenpartei.de\">vorstand [at] berlin [punkt] piratenpartei [punkt] de<\/a><\/strong><\/p>\n\n\n\n<h2 class=\"wp-block-heading\"><strong>Anfragen und Mitgliedsantr\u00e4ge auf dem Postweg<\/strong><\/h2>\n\n\n\n<p>Piratenpartei Berlin<br>Pflugstra\u00dfe 9a<br>10115 Berlin (Mitte)Telefon 030 60982288-0Fax 030 60982288-9<\/p>\n\n\n\n<h2 class=\"wp-block-heading\"><strong>http:\/\/piratenpartei-charlottenburg-wilmersdorf.de wird betrieben von<\/strong><\/h2>\n\n\n\n<p>Piratenpartei Deutschland (PIRATEN)<br>Landesverband Berlin<br>Pflugstra\u00dfe 9a<br>10115 Berlin (Mitte)<\/p>\n\n\n\n<p>Inhaltlich Verantwortlicher gem\u00e4\u00df \u00a7 55 Abs. 2 RStV: Simon Kowalewski (Anschrift wie oben)<\/p>\n\n\n\n<p>Haftungshinweis: Trotz sorgf\u00e4ltiger inhaltlicher Kontrolle \u00fcbernehmen wir keine Haftung f\u00fcr die Inhalte externer Links. F\u00fcr den Inhalt der verlinkten Seiten sind ausschlie\u00dflich deren Betreiber verantwortlich.<\/p>\n","protected":false},"excerpt":{"rendered":"<p>Anfragen per E-Mail vorstand [at] berlin [punkt] piratenpartei [punkt] de Anfragen und Mitgliedsantr\u00e4ge auf dem Postweg Piratenpartei BerlinPflugstra\u00dfe 9a10115 Berlin (Mitte)Telefon 030 60982288-0Fax&hellip;<\/p>\n","protected":false},"author":121,"featured_media":0,"parent":0,"menu_order":0,"comment_status":"closed","ping_status":"closed","template":"","meta":{"footnotes":""},"class_list":["post-6","page","type-page","status-publish","hentry"],"_links":{"self":[{"href":"https:\/\/blogs.piratech.de\/charlottenburg-wilmersdorf\/wp-json\/wp\/v2\/pages\/6","targetHints":{"allow":["GET"]}}],"collection":[{"href":"https:\/\/blogs.piratech.de\/charlottenburg-wilmersdorf\/wp-json\/wp\/v2\/pages"}],"about":[{"href":"https:\/\/blogs.piratech.de\/charlottenburg-wilmersdorf\/wp-json\/wp\/v2\/types\/page"}],"author":[{"embeddable":true,"href":"https:\/\/blogs.piratech.de\/charlottenburg-wilmersdorf\/wp-json\/wp\/v2\/users\/121"}],"replies":[{"embeddable":true,"href":"https:\/\/blogs.piratech.de\/charlottenburg-wilmersdorf\/wp-json\/wp\/v2\/comments?post=6"}],"version-history":[{"count":4,"href":"https:\/\/blogs.piratech.de\/charlottenburg-wilmersdorf\/wp-json\/wp\/v2\/pages\/6\/revisions"}],"predecessor-version":[{"id":10,"href":"https:\/\/blogs.piratech.de\/charlottenburg-wilmersdorf\/wp-json\/wp\/v2\/pages\/6\/revisions\/10"}],"wp:attachment":[{"href":"https:\/\/blogs.piratech.de\/charlottenburg-wilmersdorf\/wp-json\/wp\/v2\/media?parent=6"}],"curies":[{"name":"wp","href":"https:\/\/api.w.org\/{rel}","templated":true}]}}